{"id":5733,"date":"2025-06-25T10:07:19","date_gmt":"2025-06-25T10:07:19","guid":{"rendered":"https:\/\/azaharginer.es\/index.php\/producto\/camiseta-hombre-esperos\/"},"modified":"2026-01-04T16:08:31","modified_gmt":"2026-01-04T16:08:31","slug":"camiseta-hombre-espetos","status":"publish","type":"product","link":"http:\/\/azaharginer.es\/index.php\/producto\/camiseta-hombre-espetos\/","title":{"rendered":"Camiseta Espetos malague\u00f1os"},"content":{"rendered":"<p>Camiseta 100% algod\u00f3n de manga corta con impresi\u00f3n directa de mi dise\u00f1o en acuarela de sardinas malague\u00f1a.<\/p>\n<p>Disponible en talla S,M,L y XL<\/p>\n","protected":false},"excerpt":{"rendered":"<p>Camiseta 100% algod\u00f3n de manga corta con impresi\u00f3n digital de uno de mis dise\u00f1os en acuarela de espetos de M\u00e1laga.<\/p>\n<p>Disponible en talla S, M, L y XL<\/p>\n<div class=\"wpforms-container\" id=\"wpforms-467\"><\/div>\n","protected":false},"featured_media":5769,"comment_status":"open","ping_status":"closed","template":"","meta":{"site-sidebar-layout":"default","site-content-layout":"default","ast-global-header-display":"","ast-main-header-display":"","ast-hfb-above-header-display":"","ast-hfb-below-header-display":"","ast-hfb-mobile-header-display":"","site-post-title":"","ast-breadcrumbs-content":"","ast-featured-img":"","footer-sml-layout":"","theme-transparent-header-meta":"default","adv-header-id-meta":"","stick-header-meta":"","header-above-stick-meta":"","header-main-stick-meta":"","header-below-stick-meta":""},"product_cat":[174],"product_tag":[21,167,171,168,22,169],"class_list":["post-5733","product","type-product","status-publish","has-post-thumbnail","hentry","product_cat-camisetas","product_tag-acuarela","product_tag-camiseta","product_tag-camisetamalaga","product_tag-espetos","product_tag-ilustracion","product_tag-sardinas","product_shipping_class-laminas","desktop-align-left","tablet-align-left","mobile-align-left"],"yoast_head":"<!-- This site is optimized with the Yoast SEO plugin v20.1 - https:\/\/yoast.com\/wordpress\/plugins\/seo\/ -->\n<title>Camiseta Espetos malague\u00f1os - AzaharGiner<\/title>\n<meta name=\"description\" content=\"Camiseta 100% algod\u00f3n de manga corta, hombre, cuello redondo con impresi\u00f3n directa de mi dise\u00f1o en acuarela de sardinas malague\u00f1as.\" \/>\n<meta name=\"robots\" content=\"index, follow, max-snippet:-1, max-image-preview:large, max-video-preview:-1\" \/>\n<link rel=\"canonical\" href=\"http:\/\/azaharginer.es\/index.php\/producto\/camiseta-hombre-espetos\/\" \/>\n<meta property=\"og:locale\" content=\"es_ES\" \/>\n<meta property=\"og:type\" content=\"article\" \/>\n<meta property=\"og:title\" content=\"Camiseta Espetos malague\u00f1os - AzaharGiner\" \/>\n<meta property=\"og:description\" content=\"Camiseta 100% algod\u00f3n de manga corta, hombre, cuello redondo con impresi\u00f3n directa de mi dise\u00f1o en acuarela de sardinas malague\u00f1as.\" \/>\n<meta property=\"og:url\" content=\"http:\/\/azaharginer.es\/index.php\/producto\/camiseta-hombre-espetos\/\" \/>\n<meta property=\"og:site_name\" content=\"AzaharGiner\" \/>\n<meta property=\"article:modified_time\" content=\"2026-01-04T16:08:31+00:00\" \/>\n<meta property=\"og:image\" content=\"http:\/\/azaharginer.es\/wp-content\/uploads\/2025\/06\/1000075697-scaled.jpg\" \/>\n\t<meta property=\"og:image:width\" content=\"2244\" \/>\n\t<meta property=\"og:image:height\" content=\"2560\" \/>\n\t<meta property=\"og:image:type\" content=\"image\/jpeg\" \/>\n<meta name=\"twitter:card\" content=\"summary_large_image\" \/>\n<meta name=\"twitter:label1\" content=\"Tiempo de lectura\" \/>\n\t<meta name=\"twitter:data1\" content=\"1 minuto\" \/>\n<script type=\"application\/ld+json\" class=\"yoast-schema-graph\">{\"@context\":\"https:\/\/schema.org\",\"@graph\":[{\"@type\":\"WebPage\",\"@id\":\"http:\/\/azaharginer.es\/index.php\/producto\/camiseta-hombre-espetos\/\",\"url\":\"http:\/\/azaharginer.es\/index.php\/producto\/camiseta-hombre-espetos\/\",\"name\":\"Camiseta Espetos malague\u00f1os - AzaharGiner\",\"isPartOf\":{\"@id\":\"https:\/\/azaharginer.es\/#website\"},\"datePublished\":\"2025-06-25T10:07:19+00:00\",\"dateModified\":\"2026-01-04T16:08:31+00:00\",\"description\":\"Camiseta 100% algod\u00f3n de manga corta, hombre, cuello redondo con impresi\u00f3n directa de mi dise\u00f1o en acuarela de sardinas malague\u00f1as.\",\"breadcrumb\":{\"@id\":\"http:\/\/azaharginer.es\/index.php\/producto\/camiseta-hombre-espetos\/#breadcrumb\"},\"inLanguage\":\"es\",\"potentialAction\":[{\"@type\":\"ReadAction\",\"target\":[\"http:\/\/azaharginer.es\/index.php\/producto\/camiseta-hombre-espetos\/\"]}]},{\"@type\":\"BreadcrumbList\",\"@id\":\"http:\/\/azaharginer.es\/index.php\/producto\/camiseta-hombre-espetos\/#breadcrumb\",\"itemListElement\":[{\"@type\":\"ListItem\",\"position\":1,\"name\":\"Portada\",\"item\":\"https:\/\/azaharginer.es\/\"},{\"@type\":\"ListItem\",\"position\":2,\"name\":\"Store\",\"item\":\"http:\/\/azaharginer.es\/index.php\/store\/\"},{\"@type\":\"ListItem\",\"position\":3,\"name\":\"Camiseta Espetos malague\u00f1os\"}]},{\"@type\":\"WebSite\",\"@id\":\"https:\/\/azaharginer.es\/#website\",\"url\":\"https:\/\/azaharginer.es\/\",\"name\":\"AzaharGiner\",\"description\":\"Ilustradora freelance\",\"potentialAction\":[{\"@type\":\"SearchAction\",\"target\":{\"@type\":\"EntryPoint\",\"urlTemplate\":\"https:\/\/azaharginer.es\/?s={search_term_string}\"},\"query-input\":\"required name=search_term_string\"}],\"inLanguage\":\"es\"}]}<\/script>\n<!-- \/ Yoast SEO plugin. -->","yoast_head_json":{"title":"Camiseta Espetos malague\u00f1os - AzaharGiner","description":"Camiseta 100% algod\u00f3n de manga corta, hombre, cuello redondo con impresi\u00f3n directa de mi dise\u00f1o en acuarela de sardinas malague\u00f1as.","robots":{"index":"index","follow":"follow","max-snippet":"max-snippet:-1","max-image-preview":"max-image-preview:large","max-video-preview":"max-video-preview:-1"},"canonical":"http:\/\/azaharginer.es\/index.php\/producto\/camiseta-hombre-espetos\/","og_locale":"es_ES","og_type":"article","og_title":"Camiseta Espetos malague\u00f1os - AzaharGiner","og_description":"Camiseta 100% algod\u00f3n de manga corta, hombre, cuello redondo con impresi\u00f3n directa de mi dise\u00f1o en acuarela de sardinas malague\u00f1as.","og_url":"http:\/\/azaharginer.es\/index.php\/producto\/camiseta-hombre-espetos\/","og_site_name":"AzaharGiner","article_modified_time":"2026-01-04T16:08:31+00:00","og_image":[{"width":2244,"height":2560,"url":"http:\/\/azaharginer.es\/wp-content\/uploads\/2025\/06\/1000075697-scaled.jpg","type":"image\/jpeg"}],"twitter_card":"summary_large_image","twitter_misc":{"Tiempo de lectura":"1 minuto"},"schema":{"@context":"https:\/\/schema.org","@graph":[{"@type":"WebPage","@id":"http:\/\/azaharginer.es\/index.php\/producto\/camiseta-hombre-espetos\/","url":"http:\/\/azaharginer.es\/index.php\/producto\/camiseta-hombre-espetos\/","name":"Camiseta Espetos malague\u00f1os - AzaharGiner","isPartOf":{"@id":"https:\/\/azaharginer.es\/#website"},"datePublished":"2025-06-25T10:07:19+00:00","dateModified":"2026-01-04T16:08:31+00:00","description":"Camiseta 100% algod\u00f3n de manga corta, hombre, cuello redondo con impresi\u00f3n directa de mi dise\u00f1o en acuarela de sardinas malague\u00f1as.","breadcrumb":{"@id":"http:\/\/azaharginer.es\/index.php\/producto\/camiseta-hombre-espetos\/#breadcrumb"},"inLanguage":"es","potentialAction":[{"@type":"ReadAction","target":["http:\/\/azaharginer.es\/index.php\/producto\/camiseta-hombre-espetos\/"]}]},{"@type":"BreadcrumbList","@id":"http:\/\/azaharginer.es\/index.php\/producto\/camiseta-hombre-espetos\/#breadcrumb","itemListElement":[{"@type":"ListItem","position":1,"name":"Portada","item":"https:\/\/azaharginer.es\/"},{"@type":"ListItem","position":2,"name":"Store","item":"http:\/\/azaharginer.es\/index.php\/store\/"},{"@type":"ListItem","position":3,"name":"Camiseta Espetos malague\u00f1os"}]},{"@type":"WebSite","@id":"https:\/\/azaharginer.es\/#website","url":"https:\/\/azaharginer.es\/","name":"AzaharGiner","description":"Ilustradora freelance","potentialAction":[{"@type":"SearchAction","target":{"@type":"EntryPoint","urlTemplate":"https:\/\/azaharginer.es\/?s={search_term_string}"},"query-input":"required name=search_term_string"}],"inLanguage":"es"}]}},"_links":{"self":[{"href":"http:\/\/azaharginer.es\/index.php\/wp-json\/wp\/v2\/product\/5733","targetHints":{"allow":["GET"]}}],"collection":[{"href":"http:\/\/azaharginer.es\/index.php\/wp-json\/wp\/v2\/product"}],"about":[{"href":"http:\/\/azaharginer.es\/index.php\/wp-json\/wp\/v2\/types\/product"}],"replies":[{"embeddable":true,"href":"http:\/\/azaharginer.es\/index.php\/wp-json\/wp\/v2\/comments?post=5733"}],"version-history":[{"count":10,"href":"http:\/\/azaharginer.es\/index.php\/wp-json\/wp\/v2\/product\/5733\/revisions"}],"predecessor-version":[{"id":5774,"href":"http:\/\/azaharginer.es\/index.php\/wp-json\/wp\/v2\/product\/5733\/revisions\/5774"}],"wp:featuredmedia":[{"embeddable":true,"href":"http:\/\/azaharginer.es\/index.php\/wp-json\/wp\/v2\/media\/5769"}],"wp:attachment":[{"href":"http:\/\/azaharginer.es\/index.php\/wp-json\/wp\/v2\/media?parent=5733"}],"wp:term":[{"taxonomy":"product_cat","embeddable":true,"href":"http:\/\/azaharginer.es\/index.php\/wp-json\/wp\/v2\/product_cat?post=5733"},{"taxonomy":"product_tag","embeddable":true,"href":"http:\/\/azaharginer.es\/index.php\/wp-json\/wp\/v2\/product_tag?post=5733"}],"curies":[{"name":"wp","href":"https:\/\/api.w.org\/{rel}","templated":true}]}}