{"id":5547,"date":"2023-11-15T10:03:07","date_gmt":"2023-11-15T10:03:07","guid":{"rendered":"https:\/\/azaharginer.es\/?post_type=product&#038;p=5547"},"modified":"2023-11-20T10:13:15","modified_gmt":"2023-11-20T10:13:15","slug":"acuarela-original-de-herrerillo-entre-hojas-verdes-realizada-a-mano-por-azahar-giner-de-tamano-18cm-x-13cm-perfecta-para-enmarcar","status":"publish","type":"product","link":"http:\/\/azaharginer.es\/index.php\/producto\/acuarela-original-de-herrerillo-entre-hojas-verdes-realizada-a-mano-por-azahar-giner-de-tamano-18cm-x-13cm-perfecta-para-enmarcar\/","title":{"rendered":"Herrerillo_1"},"content":{"rendered":"<p>Acuarela original de herrerillo entre hojas verdes realizada a mano por Azahar Giner. Esta acuarela est\u00e1 pintada sobre un papel espec\u00edfico de acuarela de alta calidad. Su tama\u00f1o es de 18cm x 13cm, perfecto para enmarcar y dar un toque art\u00edstico a en un rinconcito de tu hogar.<br \/>\nAcuarela firmada y sellada por Azahar Giner como muestra de su autenticidad.<br \/>\nEsta pieza \u00fanica en acuarela est\u00e1 disponible sin enmarcar.<\/p>\n","protected":false},"excerpt":{"rendered":"<p>Acuarela original de herrerillo entre hojas verdes realizada a mano por Azahar Giner de tama\u00f1o 18cm x 13cm. Perfecta para enmarcar.<\/p>\n","protected":false},"featured_media":5549,"comment_status":"open","ping_status":"closed","template":"","meta":{"site-sidebar-layout":"default","site-content-layout":"default","ast-global-header-display":"","ast-main-header-display":"","ast-hfb-above-header-display":"","ast-hfb-below-header-display":"","ast-hfb-mobile-header-display":"","site-post-title":"","ast-breadcrumbs-content":"","ast-featured-img":"","footer-sml-layout":"","theme-transparent-header-meta":"default","adv-header-id-meta":"","stick-header-meta":"","header-above-stick-meta":"","header-main-stick-meta":"","header-below-stick-meta":""},"product_cat":[16],"product_tag":[21,75,29,68],"class_list":["post-5547","product","type-product","status-publish","has-post-thumbnail","hentry","product_cat-originales","product_tag-acuarela","product_tag-original","product_tag-pajaro","product_tag-silvestre","product_shipping_class-laminas","desktop-align-left","tablet-align-left","mobile-align-left"],"yoast_head":"<!-- This site is optimized with the Yoast SEO plugin v20.1 - https:\/\/yoast.com\/wordpress\/plugins\/seo\/ -->\n<title>Herrerillo_1 - AzaharGiner<\/title>\n<meta name=\"description\" content=\"Acuarela original de herrerillo entre hojas verdes realizada a mano por Azahar Giner de tama\u00f1o 18cm x 13cm. Perfecta para enmarcar.\" \/>\n<meta name=\"robots\" content=\"index, follow, max-snippet:-1, max-image-preview:large, max-video-preview:-1\" \/>\n<link rel=\"canonical\" href=\"http:\/\/azaharginer.es\/index.php\/producto\/acuarela-original-de-herrerillo-entre-hojas-verdes-realizada-a-mano-por-azahar-giner-de-tamano-18cm-x-13cm-perfecta-para-enmarcar\/\" \/>\n<meta property=\"og:locale\" content=\"es_ES\" \/>\n<meta property=\"og:type\" content=\"article\" \/>\n<meta property=\"og:title\" content=\"Herrerillo_1 - AzaharGiner\" \/>\n<meta property=\"og:description\" content=\"Acuarela original de herrerillo entre hojas verdes realizada a mano por Azahar Giner de tama\u00f1o 18cm x 13cm. Perfecta para enmarcar.\" \/>\n<meta property=\"og:url\" content=\"http:\/\/azaharginer.es\/index.php\/producto\/acuarela-original-de-herrerillo-entre-hojas-verdes-realizada-a-mano-por-azahar-giner-de-tamano-18cm-x-13cm-perfecta-para-enmarcar\/\" \/>\n<meta property=\"og:site_name\" content=\"AzaharGiner\" \/>\n<meta property=\"article:modified_time\" content=\"2023-11-20T10:13:15+00:00\" \/>\n<meta property=\"og:image\" content=\"http:\/\/azaharginer.es\/wp-content\/uploads\/2023\/11\/pajaro-_1-scaled.jpg\" \/>\n\t<meta property=\"og:image:width\" content=\"2560\" \/>\n\t<meta property=\"og:image:height\" content=\"2560\" \/>\n\t<meta property=\"og:image:type\" content=\"image\/jpeg\" \/>\n<meta name=\"twitter:card\" content=\"summary_large_image\" \/>\n<meta name=\"twitter:label1\" content=\"Tiempo de lectura\" \/>\n\t<meta name=\"twitter:data1\" content=\"1 minuto\" \/>\n<script type=\"application\/ld+json\" class=\"yoast-schema-graph\">{\"@context\":\"https:\/\/schema.org\",\"@graph\":[{\"@type\":\"WebPage\",\"@id\":\"http:\/\/azaharginer.es\/index.php\/producto\/acuarela-original-de-herrerillo-entre-hojas-verdes-realizada-a-mano-por-azahar-giner-de-tamano-18cm-x-13cm-perfecta-para-enmarcar\/\",\"url\":\"http:\/\/azaharginer.es\/index.php\/producto\/acuarela-original-de-herrerillo-entre-hojas-verdes-realizada-a-mano-por-azahar-giner-de-tamano-18cm-x-13cm-perfecta-para-enmarcar\/\",\"name\":\"Herrerillo_1 - AzaharGiner\",\"isPartOf\":{\"@id\":\"http:\/\/azaharginer.es\/#website\"},\"datePublished\":\"2023-11-15T10:03:07+00:00\",\"dateModified\":\"2023-11-20T10:13:15+00:00\",\"description\":\"Acuarela original de herrerillo entre hojas verdes realizada a mano por Azahar Giner de tama\u00f1o 18cm x 13cm. Perfecta para enmarcar.\",\"breadcrumb\":{\"@id\":\"http:\/\/azaharginer.es\/index.php\/producto\/acuarela-original-de-herrerillo-entre-hojas-verdes-realizada-a-mano-por-azahar-giner-de-tamano-18cm-x-13cm-perfecta-para-enmarcar\/#breadcrumb\"},\"inLanguage\":\"es\",\"potentialAction\":[{\"@type\":\"ReadAction\",\"target\":[\"http:\/\/azaharginer.es\/index.php\/producto\/acuarela-original-de-herrerillo-entre-hojas-verdes-realizada-a-mano-por-azahar-giner-de-tamano-18cm-x-13cm-perfecta-para-enmarcar\/\"]}]},{\"@type\":\"BreadcrumbList\",\"@id\":\"http:\/\/azaharginer.es\/index.php\/producto\/acuarela-original-de-herrerillo-entre-hojas-verdes-realizada-a-mano-por-azahar-giner-de-tamano-18cm-x-13cm-perfecta-para-enmarcar\/#breadcrumb\",\"itemListElement\":[{\"@type\":\"ListItem\",\"position\":1,\"name\":\"Portada\",\"item\":\"http:\/\/azaharginer.es\/\"},{\"@type\":\"ListItem\",\"position\":2,\"name\":\"Store\",\"item\":\"http:\/\/azaharginer.es\/index.php\/store\/\"},{\"@type\":\"ListItem\",\"position\":3,\"name\":\"Herrerillo_1\"}]},{\"@type\":\"WebSite\",\"@id\":\"http:\/\/azaharginer.es\/#website\",\"url\":\"http:\/\/azaharginer.es\/\",\"name\":\"AzaharGiner\",\"description\":\"Ilustradora freelance\",\"potentialAction\":[{\"@type\":\"SearchAction\",\"target\":{\"@type\":\"EntryPoint\",\"urlTemplate\":\"http:\/\/azaharginer.es\/?s={search_term_string}\"},\"query-input\":\"required name=search_term_string\"}],\"inLanguage\":\"es\"}]}<\/script>\n<!-- \/ Yoast SEO plugin. -->","yoast_head_json":{"title":"Herrerillo_1 - AzaharGiner","description":"Acuarela original de herrerillo entre hojas verdes realizada a mano por Azahar Giner de tama\u00f1o 18cm x 13cm. Perfecta para enmarcar.","robots":{"index":"index","follow":"follow","max-snippet":"max-snippet:-1","max-image-preview":"max-image-preview:large","max-video-preview":"max-video-preview:-1"},"canonical":"http:\/\/azaharginer.es\/index.php\/producto\/acuarela-original-de-herrerillo-entre-hojas-verdes-realizada-a-mano-por-azahar-giner-de-tamano-18cm-x-13cm-perfecta-para-enmarcar\/","og_locale":"es_ES","og_type":"article","og_title":"Herrerillo_1 - AzaharGiner","og_description":"Acuarela original de herrerillo entre hojas verdes realizada a mano por Azahar Giner de tama\u00f1o 18cm x 13cm. Perfecta para enmarcar.","og_url":"http:\/\/azaharginer.es\/index.php\/producto\/acuarela-original-de-herrerillo-entre-hojas-verdes-realizada-a-mano-por-azahar-giner-de-tamano-18cm-x-13cm-perfecta-para-enmarcar\/","og_site_name":"AzaharGiner","article_modified_time":"2023-11-20T10:13:15+00:00","og_image":[{"width":2560,"height":2560,"url":"http:\/\/azaharginer.es\/wp-content\/uploads\/2023\/11\/pajaro-_1-scaled.jpg","type":"image\/jpeg"}],"twitter_card":"summary_large_image","twitter_misc":{"Tiempo de lectura":"1 minuto"},"schema":{"@context":"https:\/\/schema.org","@graph":[{"@type":"WebPage","@id":"http:\/\/azaharginer.es\/index.php\/producto\/acuarela-original-de-herrerillo-entre-hojas-verdes-realizada-a-mano-por-azahar-giner-de-tamano-18cm-x-13cm-perfecta-para-enmarcar\/","url":"http:\/\/azaharginer.es\/index.php\/producto\/acuarela-original-de-herrerillo-entre-hojas-verdes-realizada-a-mano-por-azahar-giner-de-tamano-18cm-x-13cm-perfecta-para-enmarcar\/","name":"Herrerillo_1 - AzaharGiner","isPartOf":{"@id":"http:\/\/azaharginer.es\/#website"},"datePublished":"2023-11-15T10:03:07+00:00","dateModified":"2023-11-20T10:13:15+00:00","description":"Acuarela original de herrerillo entre hojas verdes realizada a mano por Azahar Giner de tama\u00f1o 18cm x 13cm. Perfecta para enmarcar.","breadcrumb":{"@id":"http:\/\/azaharginer.es\/index.php\/producto\/acuarela-original-de-herrerillo-entre-hojas-verdes-realizada-a-mano-por-azahar-giner-de-tamano-18cm-x-13cm-perfecta-para-enmarcar\/#breadcrumb"},"inLanguage":"es","potentialAction":[{"@type":"ReadAction","target":["http:\/\/azaharginer.es\/index.php\/producto\/acuarela-original-de-herrerillo-entre-hojas-verdes-realizada-a-mano-por-azahar-giner-de-tamano-18cm-x-13cm-perfecta-para-enmarcar\/"]}]},{"@type":"BreadcrumbList","@id":"http:\/\/azaharginer.es\/index.php\/producto\/acuarela-original-de-herrerillo-entre-hojas-verdes-realizada-a-mano-por-azahar-giner-de-tamano-18cm-x-13cm-perfecta-para-enmarcar\/#breadcrumb","itemListElement":[{"@type":"ListItem","position":1,"name":"Portada","item":"http:\/\/azaharginer.es\/"},{"@type":"ListItem","position":2,"name":"Store","item":"http:\/\/azaharginer.es\/index.php\/store\/"},{"@type":"ListItem","position":3,"name":"Herrerillo_1"}]},{"@type":"WebSite","@id":"http:\/\/azaharginer.es\/#website","url":"http:\/\/azaharginer.es\/","name":"AzaharGiner","description":"Ilustradora freelance","potentialAction":[{"@type":"SearchAction","target":{"@type":"EntryPoint","urlTemplate":"http:\/\/azaharginer.es\/?s={search_term_string}"},"query-input":"required name=search_term_string"}],"inLanguage":"es"}]}},"_links":{"self":[{"href":"http:\/\/azaharginer.es\/index.php\/wp-json\/wp\/v2\/product\/5547","targetHints":{"allow":["GET"]}}],"collection":[{"href":"http:\/\/azaharginer.es\/index.php\/wp-json\/wp\/v2\/product"}],"about":[{"href":"http:\/\/azaharginer.es\/index.php\/wp-json\/wp\/v2\/types\/product"}],"replies":[{"embeddable":true,"href":"http:\/\/azaharginer.es\/index.php\/wp-json\/wp\/v2\/comments?post=5547"}],"version-history":[{"count":1,"href":"http:\/\/azaharginer.es\/index.php\/wp-json\/wp\/v2\/product\/5547\/revisions"}],"predecessor-version":[{"id":5552,"href":"http:\/\/azaharginer.es\/index.php\/wp-json\/wp\/v2\/product\/5547\/revisions\/5552"}],"wp:featuredmedia":[{"embeddable":true,"href":"http:\/\/azaharginer.es\/index.php\/wp-json\/wp\/v2\/media\/5549"}],"wp:attachment":[{"href":"http:\/\/azaharginer.es\/index.php\/wp-json\/wp\/v2\/media?parent=5547"}],"wp:term":[{"taxonomy":"product_cat","embeddable":true,"href":"http:\/\/azaharginer.es\/index.php\/wp-json\/wp\/v2\/product_cat?post=5547"},{"taxonomy":"product_tag","embeddable":true,"href":"http:\/\/azaharginer.es\/index.php\/wp-json\/wp\/v2\/product_tag?post=5547"}],"curies":[{"name":"wp","href":"https:\/\/api.w.org\/{rel}","templated":true}]}}