{"id":5092,"date":"2023-06-19T09:03:31","date_gmt":"2023-06-19T09:03:31","guid":{"rendered":"https:\/\/azaharginer.es\/?post_type=product&#038;p=5092"},"modified":"2023-06-19T10:32:25","modified_gmt":"2023-06-19T10:32:25","slug":"lamina-ombligo-de-venus-agenda-herbal","status":"publish","type":"product","link":"http:\/\/azaharginer.es\/index.php\/producto\/lamina-ombligo-de-venus-agenda-herbal\/","title":{"rendered":"L\u00e1mina Ombligo de Venus agenda herbal"},"content":{"rendered":"<p>L\u00e1mina bot\u00e1nica de Ombligo de Venus de la agenda herbal perfecta para regalar o enmarcar para tu hogar. Esta l\u00e1mina est\u00e1 hecha mediante impresi\u00f3n digital en un papel de alta calidad de 350gr mate Tiene un tama\u00f1o A4, (21 x 29,7 cm)\u00a0 He firmado y cortado a mano cada una de mis reproducciones. \u00a1Espero que la disfrutes!<\/p>\n","protected":false},"excerpt":{"rendered":"<p class=\"p1\">L\u00e1mina con reproducci\u00f3n de planta de Ombligo de Venus de la agenda herbal en acuarela por Azahar Giner<\/p>\n<p class=\"p1\"><b>Tama\u00f1o: 21 x 29,7 cm<\/b><\/p>\n","protected":false},"featured_media":5080,"comment_status":"closed","ping_status":"closed","template":"","meta":{"site-sidebar-layout":"default","site-content-layout":"default","ast-global-header-display":"","ast-main-header-display":"","ast-hfb-above-header-display":"","ast-hfb-below-header-display":"","ast-hfb-mobile-header-display":"","site-post-title":"","ast-breadcrumbs-content":"","ast-featured-img":"","footer-sml-layout":"","theme-transparent-header-meta":"default","adv-header-id-meta":"","stick-header-meta":"","header-above-stick-meta":"","header-main-stick-meta":"","header-below-stick-meta":""},"product_cat":[142],"product_tag":[21,33,22,23,65,71,140,32,57,56,68],"class_list":["post-5092","product","type-product","status-publish","has-post-thumbnail","hentry","product_cat-laminas-botanicas-agenda-herbal","product_tag-acuarela","product_tag-flor","product_tag-ilustracion","product_tag-lamina","product_tag-lamina-a4","product_tag-naturaleza","product_tag-ombligo-de-venus","product_tag-planta","product_tag-plantas","product_tag-plantas-medicinales","product_tag-silvestre","product_shipping_class-laminas","desktop-align-left","tablet-align-left","mobile-align-left"],"yoast_head":"<!-- This site is optimized with the Yoast SEO plugin v20.1 - https:\/\/yoast.com\/wordpress\/plugins\/seo\/ -->\n<title>L\u00e1mina Ombligo de Venus agenda herbal - AzaharGiner<\/title>\n<meta name=\"description\" content=\"L\u00e1mina bot\u00e1nica de Ombligo de Venus de la agenda herbal, impresi\u00f3n digital en papel mate de alta calidad de 350gr. Tama\u00f1o A4 y es perfecta para enmarcar.\" \/>\n<meta name=\"robots\" content=\"index, follow, max-snippet:-1, max-image-preview:large, max-video-preview:-1\" \/>\n<link rel=\"canonical\" href=\"http:\/\/azaharginer.es\/index.php\/producto\/lamina-ombligo-de-venus-agenda-herbal\/\" \/>\n<meta property=\"og:locale\" content=\"es_ES\" \/>\n<meta property=\"og:type\" content=\"article\" \/>\n<meta property=\"og:title\" content=\"L\u00e1mina Ombligo de Venus agenda herbal - AzaharGiner\" \/>\n<meta property=\"og:description\" content=\"L\u00e1mina bot\u00e1nica de Ombligo de Venus de la agenda herbal, impresi\u00f3n digital en papel mate de alta calidad de 350gr. Tama\u00f1o A4 y es perfecta para enmarcar.\" \/>\n<meta property=\"og:url\" content=\"http:\/\/azaharginer.es\/index.php\/producto\/lamina-ombligo-de-venus-agenda-herbal\/\" \/>\n<meta property=\"og:site_name\" content=\"AzaharGiner\" \/>\n<meta property=\"article:modified_time\" content=\"2023-06-19T10:32:25+00:00\" \/>\n<meta property=\"og:image\" content=\"http:\/\/azaharginer.es\/wp-content\/uploads\/2023\/06\/ombligo-de-venus-scaled.jpg\" \/>\n\t<meta property=\"og:image:width\" content=\"2560\" \/>\n\t<meta property=\"og:image:height\" content=\"2560\" \/>\n\t<meta property=\"og:image:type\" content=\"image\/jpeg\" \/>\n<meta name=\"twitter:card\" content=\"summary_large_image\" \/>\n<meta name=\"twitter:label1\" content=\"Tiempo de lectura\" \/>\n\t<meta name=\"twitter:data1\" content=\"1 minuto\" \/>\n<script type=\"application\/ld+json\" class=\"yoast-schema-graph\">{\"@context\":\"https:\/\/schema.org\",\"@graph\":[{\"@type\":\"WebPage\",\"@id\":\"http:\/\/azaharginer.es\/index.php\/producto\/lamina-ombligo-de-venus-agenda-herbal\/\",\"url\":\"http:\/\/azaharginer.es\/index.php\/producto\/lamina-ombligo-de-venus-agenda-herbal\/\",\"name\":\"L\u00e1mina Ombligo de Venus agenda herbal - AzaharGiner\",\"isPartOf\":{\"@id\":\"http:\/\/azaharginer.es\/#website\"},\"datePublished\":\"2023-06-19T09:03:31+00:00\",\"dateModified\":\"2023-06-19T10:32:25+00:00\",\"description\":\"L\u00e1mina bot\u00e1nica de Ombligo de Venus de la agenda herbal, impresi\u00f3n digital en papel mate de alta calidad de 350gr. Tama\u00f1o A4 y es perfecta para enmarcar.\",\"breadcrumb\":{\"@id\":\"http:\/\/azaharginer.es\/index.php\/producto\/lamina-ombligo-de-venus-agenda-herbal\/#breadcrumb\"},\"inLanguage\":\"es\",\"potentialAction\":[{\"@type\":\"ReadAction\",\"target\":[\"http:\/\/azaharginer.es\/index.php\/producto\/lamina-ombligo-de-venus-agenda-herbal\/\"]}]},{\"@type\":\"BreadcrumbList\",\"@id\":\"http:\/\/azaharginer.es\/index.php\/producto\/lamina-ombligo-de-venus-agenda-herbal\/#breadcrumb\",\"itemListElement\":[{\"@type\":\"ListItem\",\"position\":1,\"name\":\"Portada\",\"item\":\"http:\/\/azaharginer.es\/\"},{\"@type\":\"ListItem\",\"position\":2,\"name\":\"Store\",\"item\":\"http:\/\/azaharginer.es\/index.php\/store\/\"},{\"@type\":\"ListItem\",\"position\":3,\"name\":\"L\u00e1mina Ombligo de Venus agenda herbal\"}]},{\"@type\":\"WebSite\",\"@id\":\"http:\/\/azaharginer.es\/#website\",\"url\":\"http:\/\/azaharginer.es\/\",\"name\":\"AzaharGiner\",\"description\":\"Ilustradora freelance\",\"potentialAction\":[{\"@type\":\"SearchAction\",\"target\":{\"@type\":\"EntryPoint\",\"urlTemplate\":\"http:\/\/azaharginer.es\/?s={search_term_string}\"},\"query-input\":\"required name=search_term_string\"}],\"inLanguage\":\"es\"}]}<\/script>\n<!-- \/ Yoast SEO plugin. -->","yoast_head_json":{"title":"L\u00e1mina Ombligo de Venus agenda herbal - AzaharGiner","description":"L\u00e1mina bot\u00e1nica de Ombligo de Venus de la agenda herbal, impresi\u00f3n digital en papel mate de alta calidad de 350gr. Tama\u00f1o A4 y es perfecta para enmarcar.","robots":{"index":"index","follow":"follow","max-snippet":"max-snippet:-1","max-image-preview":"max-image-preview:large","max-video-preview":"max-video-preview:-1"},"canonical":"http:\/\/azaharginer.es\/index.php\/producto\/lamina-ombligo-de-venus-agenda-herbal\/","og_locale":"es_ES","og_type":"article","og_title":"L\u00e1mina Ombligo de Venus agenda herbal - AzaharGiner","og_description":"L\u00e1mina bot\u00e1nica de Ombligo de Venus de la agenda herbal, impresi\u00f3n digital en papel mate de alta calidad de 350gr. Tama\u00f1o A4 y es perfecta para enmarcar.","og_url":"http:\/\/azaharginer.es\/index.php\/producto\/lamina-ombligo-de-venus-agenda-herbal\/","og_site_name":"AzaharGiner","article_modified_time":"2023-06-19T10:32:25+00:00","og_image":[{"width":2560,"height":2560,"url":"http:\/\/azaharginer.es\/wp-content\/uploads\/2023\/06\/ombligo-de-venus-scaled.jpg","type":"image\/jpeg"}],"twitter_card":"summary_large_image","twitter_misc":{"Tiempo de lectura":"1 minuto"},"schema":{"@context":"https:\/\/schema.org","@graph":[{"@type":"WebPage","@id":"http:\/\/azaharginer.es\/index.php\/producto\/lamina-ombligo-de-venus-agenda-herbal\/","url":"http:\/\/azaharginer.es\/index.php\/producto\/lamina-ombligo-de-venus-agenda-herbal\/","name":"L\u00e1mina Ombligo de Venus agenda herbal - AzaharGiner","isPartOf":{"@id":"http:\/\/azaharginer.es\/#website"},"datePublished":"2023-06-19T09:03:31+00:00","dateModified":"2023-06-19T10:32:25+00:00","description":"L\u00e1mina bot\u00e1nica de Ombligo de Venus de la agenda herbal, impresi\u00f3n digital en papel mate de alta calidad de 350gr. Tama\u00f1o A4 y es perfecta para enmarcar.","breadcrumb":{"@id":"http:\/\/azaharginer.es\/index.php\/producto\/lamina-ombligo-de-venus-agenda-herbal\/#breadcrumb"},"inLanguage":"es","potentialAction":[{"@type":"ReadAction","target":["http:\/\/azaharginer.es\/index.php\/producto\/lamina-ombligo-de-venus-agenda-herbal\/"]}]},{"@type":"BreadcrumbList","@id":"http:\/\/azaharginer.es\/index.php\/producto\/lamina-ombligo-de-venus-agenda-herbal\/#breadcrumb","itemListElement":[{"@type":"ListItem","position":1,"name":"Portada","item":"http:\/\/azaharginer.es\/"},{"@type":"ListItem","position":2,"name":"Store","item":"http:\/\/azaharginer.es\/index.php\/store\/"},{"@type":"ListItem","position":3,"name":"L\u00e1mina Ombligo de Venus agenda herbal"}]},{"@type":"WebSite","@id":"http:\/\/azaharginer.es\/#website","url":"http:\/\/azaharginer.es\/","name":"AzaharGiner","description":"Ilustradora freelance","potentialAction":[{"@type":"SearchAction","target":{"@type":"EntryPoint","urlTemplate":"http:\/\/azaharginer.es\/?s={search_term_string}"},"query-input":"required name=search_term_string"}],"inLanguage":"es"}]}},"_links":{"self":[{"href":"http:\/\/azaharginer.es\/index.php\/wp-json\/wp\/v2\/product\/5092","targetHints":{"allow":["GET"]}}],"collection":[{"href":"http:\/\/azaharginer.es\/index.php\/wp-json\/wp\/v2\/product"}],"about":[{"href":"http:\/\/azaharginer.es\/index.php\/wp-json\/wp\/v2\/types\/product"}],"replies":[{"embeddable":true,"href":"http:\/\/azaharginer.es\/index.php\/wp-json\/wp\/v2\/comments?post=5092"}],"version-history":[{"count":1,"href":"http:\/\/azaharginer.es\/index.php\/wp-json\/wp\/v2\/product\/5092\/revisions"}],"predecessor-version":[{"id":5093,"href":"http:\/\/azaharginer.es\/index.php\/wp-json\/wp\/v2\/product\/5092\/revisions\/5093"}],"wp:featuredmedia":[{"embeddable":true,"href":"http:\/\/azaharginer.es\/index.php\/wp-json\/wp\/v2\/media\/5080"}],"wp:attachment":[{"href":"http:\/\/azaharginer.es\/index.php\/wp-json\/wp\/v2\/media?parent=5092"}],"wp:term":[{"taxonomy":"product_cat","embeddable":true,"href":"http:\/\/azaharginer.es\/index.php\/wp-json\/wp\/v2\/product_cat?post=5092"},{"taxonomy":"product_tag","embeddable":true,"href":"http:\/\/azaharginer.es\/index.php\/wp-json\/wp\/v2\/product_tag?post=5092"}],"curies":[{"name":"wp","href":"https:\/\/api.w.org\/{rel}","templated":true}]}}