{"id":5027,"date":"2023-03-07T09:53:08","date_gmt":"2023-03-07T09:53:08","guid":{"rendered":"https:\/\/azaharginer.es\/?post_type=product&#038;p=5027"},"modified":"2023-03-27T11:00:04","modified_gmt":"2023-03-27T11:00:04","slug":"acuarela-original-loros-love","status":"publish","type":"product","link":"http:\/\/azaharginer.es\/index.php\/producto\/acuarela-original-loros-love\/","title":{"rendered":"Acuarela original loros love"},"content":{"rendered":"<p class=\"p1\">Acuarela original de pareja de loros realizada a mano por Azahar Giner. Esta acuarela est\u00e1 pintada sobre un papel espec\u00edfico de acuarela de alta calidad. Su tama\u00f1o es de 25 cm de largo por 20 de ancho, tiene un formato horizontal, perfecto para enmarcar y dar un toque art\u00edstico a en un rinconcito de tu hogar.<\/p>\n<p>Esta acuarela original no ha sido reproducida y comercializada por lo que tienes una pieza \u00fanica e irrepetible.<\/p>\n<p>Acuarela firmada y sellada por Azahar Giner como muestra de su autenticidad.<\/p>\n<p>Esta pieza \u00fanica en acuarela est\u00e1 disponible sin enmarcar.<\/p>\n","protected":false},"excerpt":{"rendered":"<p>Acuarela original de pareja de loros realizada a mano por Azahar Giner. Esta acuarela est\u00e1 pintada sobre un papel espec\u00edfico de acuarela de alta calidad. Su tama\u00f1o es de 25 cm de largo por 20 de ancho, tiene un formato horizontal, perfecto para enmarcar y dar un toque art\u00edstico a en un rinconcito de tu &hellip;<\/p>\n<p class=\"read-more\"> <a class=\"\" href=\"http:\/\/azaharginer.es\/index.php\/producto\/acuarela-original-loros-love\/\"> <span class=\"screen-reader-text\">Acuarela original loros love<\/span> Leer m\u00e1s &raquo;<\/a><\/p>\n","protected":false},"featured_media":5029,"comment_status":"closed","ping_status":"closed","template":"","meta":{"site-sidebar-layout":"default","site-content-layout":"default","ast-global-header-display":"","ast-main-header-display":"","ast-hfb-above-header-display":"","ast-hfb-below-header-display":"","ast-hfb-mobile-header-display":"","site-post-title":"","ast-breadcrumbs-content":"","ast-featured-img":"","footer-sml-layout":"","theme-transparent-header-meta":"default","adv-header-id-meta":"","stick-header-meta":"","header-above-stick-meta":"","header-main-stick-meta":"","header-below-stick-meta":""},"product_cat":[16],"product_tag":[21,54,66,129,22,53,71,75,29,68],"class_list":["post-5027","product","type-product","status-publish","has-post-thumbnail","hentry","product_cat-originales","product_tag-acuarela","product_tag-agapornis","product_tag-familia","product_tag-hecho-a-mano","product_tag-ilustracion","product_tag-loros","product_tag-naturaleza","product_tag-original","product_tag-pajaro","product_tag-silvestre","product_shipping_class-laminas","desktop-align-left","tablet-align-left","mobile-align-left"],"yoast_head":"<!-- This site is optimized with the Yoast SEO plugin v20.1 - https:\/\/yoast.com\/wordpress\/plugins\/seo\/ -->\n<title>Acuarela original loros love - AzaharGiner<\/title>\n<meta name=\"description\" content=\"Acuarela original de pareja de loros realizada a mano por Azahar Giner. Tama\u00f1o 25x 20cm. Esta pieza \u00fanica en acuarela est\u00e1 disponible sin enmarcar.\" \/>\n<meta name=\"robots\" content=\"index, follow, max-snippet:-1, max-image-preview:large, max-video-preview:-1\" \/>\n<link rel=\"canonical\" href=\"http:\/\/azaharginer.es\/index.php\/producto\/acuarela-original-loros-love\/\" \/>\n<meta property=\"og:locale\" content=\"es_ES\" \/>\n<meta property=\"og:type\" content=\"article\" \/>\n<meta property=\"og:title\" content=\"Acuarela original loros love - AzaharGiner\" \/>\n<meta property=\"og:description\" content=\"Acuarela original de pareja de loros realizada a mano por Azahar Giner. Tama\u00f1o 25x 20cm. Esta pieza \u00fanica en acuarela est\u00e1 disponible sin enmarcar.\" \/>\n<meta property=\"og:url\" content=\"http:\/\/azaharginer.es\/index.php\/producto\/acuarela-original-loros-love\/\" \/>\n<meta property=\"og:site_name\" content=\"AzaharGiner\" \/>\n<meta property=\"article:modified_time\" content=\"2023-03-27T11:00:04+00:00\" \/>\n<meta property=\"og:image\" content=\"http:\/\/azaharginer.es\/wp-content\/uploads\/2023\/03\/original-loros-love-scaled.jpg\" \/>\n\t<meta property=\"og:image:width\" content=\"2560\" \/>\n\t<meta property=\"og:image:height\" content=\"2560\" \/>\n\t<meta property=\"og:image:type\" content=\"image\/jpeg\" \/>\n<meta name=\"twitter:card\" content=\"summary_large_image\" \/>\n<meta name=\"twitter:label1\" content=\"Tiempo de lectura\" \/>\n\t<meta name=\"twitter:data1\" content=\"1 minuto\" \/>\n<script type=\"application\/ld+json\" class=\"yoast-schema-graph\">{\"@context\":\"https:\/\/schema.org\",\"@graph\":[{\"@type\":\"WebPage\",\"@id\":\"http:\/\/azaharginer.es\/index.php\/producto\/acuarela-original-loros-love\/\",\"url\":\"http:\/\/azaharginer.es\/index.php\/producto\/acuarela-original-loros-love\/\",\"name\":\"Acuarela original loros love - AzaharGiner\",\"isPartOf\":{\"@id\":\"http:\/\/azaharginer.es\/#website\"},\"datePublished\":\"2023-03-07T09:53:08+00:00\",\"dateModified\":\"2023-03-27T11:00:04+00:00\",\"description\":\"Acuarela original de pareja de loros realizada a mano por Azahar Giner. Tama\u00f1o 25x 20cm. Esta pieza \u00fanica en acuarela est\u00e1 disponible sin enmarcar.\",\"breadcrumb\":{\"@id\":\"http:\/\/azaharginer.es\/index.php\/producto\/acuarela-original-loros-love\/#breadcrumb\"},\"inLanguage\":\"es\",\"potentialAction\":[{\"@type\":\"ReadAction\",\"target\":[\"http:\/\/azaharginer.es\/index.php\/producto\/acuarela-original-loros-love\/\"]}]},{\"@type\":\"BreadcrumbList\",\"@id\":\"http:\/\/azaharginer.es\/index.php\/producto\/acuarela-original-loros-love\/#breadcrumb\",\"itemListElement\":[{\"@type\":\"ListItem\",\"position\":1,\"name\":\"Portada\",\"item\":\"http:\/\/azaharginer.es\/\"},{\"@type\":\"ListItem\",\"position\":2,\"name\":\"Store\",\"item\":\"http:\/\/azaharginer.es\/index.php\/store\/\"},{\"@type\":\"ListItem\",\"position\":3,\"name\":\"Acuarela original loros love\"}]},{\"@type\":\"WebSite\",\"@id\":\"http:\/\/azaharginer.es\/#website\",\"url\":\"http:\/\/azaharginer.es\/\",\"name\":\"AzaharGiner\",\"description\":\"Ilustradora freelance\",\"potentialAction\":[{\"@type\":\"SearchAction\",\"target\":{\"@type\":\"EntryPoint\",\"urlTemplate\":\"http:\/\/azaharginer.es\/?s={search_term_string}\"},\"query-input\":\"required name=search_term_string\"}],\"inLanguage\":\"es\"}]}<\/script>\n<!-- \/ Yoast SEO plugin. -->","yoast_head_json":{"title":"Acuarela original loros love - AzaharGiner","description":"Acuarela original de pareja de loros realizada a mano por Azahar Giner. Tama\u00f1o 25x 20cm. Esta pieza \u00fanica en acuarela est\u00e1 disponible sin enmarcar.","robots":{"index":"index","follow":"follow","max-snippet":"max-snippet:-1","max-image-preview":"max-image-preview:large","max-video-preview":"max-video-preview:-1"},"canonical":"http:\/\/azaharginer.es\/index.php\/producto\/acuarela-original-loros-love\/","og_locale":"es_ES","og_type":"article","og_title":"Acuarela original loros love - AzaharGiner","og_description":"Acuarela original de pareja de loros realizada a mano por Azahar Giner. Tama\u00f1o 25x 20cm. Esta pieza \u00fanica en acuarela est\u00e1 disponible sin enmarcar.","og_url":"http:\/\/azaharginer.es\/index.php\/producto\/acuarela-original-loros-love\/","og_site_name":"AzaharGiner","article_modified_time":"2023-03-27T11:00:04+00:00","og_image":[{"width":2560,"height":2560,"url":"http:\/\/azaharginer.es\/wp-content\/uploads\/2023\/03\/original-loros-love-scaled.jpg","type":"image\/jpeg"}],"twitter_card":"summary_large_image","twitter_misc":{"Tiempo de lectura":"1 minuto"},"schema":{"@context":"https:\/\/schema.org","@graph":[{"@type":"WebPage","@id":"http:\/\/azaharginer.es\/index.php\/producto\/acuarela-original-loros-love\/","url":"http:\/\/azaharginer.es\/index.php\/producto\/acuarela-original-loros-love\/","name":"Acuarela original loros love - AzaharGiner","isPartOf":{"@id":"http:\/\/azaharginer.es\/#website"},"datePublished":"2023-03-07T09:53:08+00:00","dateModified":"2023-03-27T11:00:04+00:00","description":"Acuarela original de pareja de loros realizada a mano por Azahar Giner. Tama\u00f1o 25x 20cm. Esta pieza \u00fanica en acuarela est\u00e1 disponible sin enmarcar.","breadcrumb":{"@id":"http:\/\/azaharginer.es\/index.php\/producto\/acuarela-original-loros-love\/#breadcrumb"},"inLanguage":"es","potentialAction":[{"@type":"ReadAction","target":["http:\/\/azaharginer.es\/index.php\/producto\/acuarela-original-loros-love\/"]}]},{"@type":"BreadcrumbList","@id":"http:\/\/azaharginer.es\/index.php\/producto\/acuarela-original-loros-love\/#breadcrumb","itemListElement":[{"@type":"ListItem","position":1,"name":"Portada","item":"http:\/\/azaharginer.es\/"},{"@type":"ListItem","position":2,"name":"Store","item":"http:\/\/azaharginer.es\/index.php\/store\/"},{"@type":"ListItem","position":3,"name":"Acuarela original loros love"}]},{"@type":"WebSite","@id":"http:\/\/azaharginer.es\/#website","url":"http:\/\/azaharginer.es\/","name":"AzaharGiner","description":"Ilustradora freelance","potentialAction":[{"@type":"SearchAction","target":{"@type":"EntryPoint","urlTemplate":"http:\/\/azaharginer.es\/?s={search_term_string}"},"query-input":"required name=search_term_string"}],"inLanguage":"es"}]}},"_links":{"self":[{"href":"http:\/\/azaharginer.es\/index.php\/wp-json\/wp\/v2\/product\/5027","targetHints":{"allow":["GET"]}}],"collection":[{"href":"http:\/\/azaharginer.es\/index.php\/wp-json\/wp\/v2\/product"}],"about":[{"href":"http:\/\/azaharginer.es\/index.php\/wp-json\/wp\/v2\/types\/product"}],"replies":[{"embeddable":true,"href":"http:\/\/azaharginer.es\/index.php\/wp-json\/wp\/v2\/comments?post=5027"}],"version-history":[{"count":1,"href":"http:\/\/azaharginer.es\/index.php\/wp-json\/wp\/v2\/product\/5027\/revisions"}],"predecessor-version":[{"id":5030,"href":"http:\/\/azaharginer.es\/index.php\/wp-json\/wp\/v2\/product\/5027\/revisions\/5030"}],"wp:featuredmedia":[{"embeddable":true,"href":"http:\/\/azaharginer.es\/index.php\/wp-json\/wp\/v2\/media\/5029"}],"wp:attachment":[{"href":"http:\/\/azaharginer.es\/index.php\/wp-json\/wp\/v2\/media?parent=5027"}],"wp:term":[{"taxonomy":"product_cat","embeddable":true,"href":"http:\/\/azaharginer.es\/index.php\/wp-json\/wp\/v2\/product_cat?post=5027"},{"taxonomy":"product_tag","embeddable":true,"href":"http:\/\/azaharginer.es\/index.php\/wp-json\/wp\/v2\/product_tag?post=5027"}],"curies":[{"name":"wp","href":"https:\/\/api.w.org\/{rel}","templated":true}]}}