{"id":5007,"date":"2023-03-06T10:19:11","date_gmt":"2023-03-06T10:19:11","guid":{"rendered":"https:\/\/azaharginer.es\/?post_type=product&#038;p=5007"},"modified":"2023-12-22T09:02:09","modified_gmt":"2023-12-22T09:02:09","slug":"acuarela-original-pajaro-entre-hojas","status":"publish","type":"product","link":"http:\/\/azaharginer.es\/index.php\/producto\/acuarela-original-pajaro-entre-hojas\/","title":{"rendered":"Acuarela original p\u00e1jaro entre hojas"},"content":{"rendered":"<p>Acuarela original pintada por Azahar Giner. P\u00e1jaro pintado entre hojas y ramas de tonalidades oto\u00f1ales.<\/p>\n<p>Esta acuarela original est\u00e1 a la venta sin el marco y tiene unas medidas de 24 cm de ancho por 30 cm de largo, es ideal para decorar un bonito rinc\u00f3n o hacer un regalo \u00fanico y especial.<\/p>\n<p>Esta acuarela est\u00e1 sellada y firmada por la artista demostrando su autenticidad y exclusividad.<\/p>\n<p>Venta sin marco<\/p>\n<p>Medidas: 24cm ancho 30cm largo<\/p>\n<p>Papel de acuarela de grano fino.<\/p>\n<p>&nbsp;<\/p>\n","protected":false},"excerpt":{"rendered":"<p>Acuarela original pintada por Azahar Giner.<\/p>\n<p>Esta acuarela original est\u00e1 a la venta sin el marco y tiene unas medidas de 24 cm de ancho por 30 cm de largo, es ideal para decorar un bonito rinc\u00f3n o hacer un regalo \u00fanico y especial.<\/p>\n<p>Esta acuarela est\u00e1 sellada y firmada por la artista demostrando su autenticidad y exclusividad.<\/p>\n<p>Venta sin marco<\/p>\n<p>Medidas: 24cm ancho 30cm largo<\/p>\n<p>Papel de acuarela de grano fino.<\/p>\n","protected":false},"featured_media":4997,"comment_status":"closed","ping_status":"closed","template":"","meta":{"site-sidebar-layout":"default","site-content-layout":"default","ast-global-header-display":"","ast-main-header-display":"","ast-hfb-above-header-display":"","ast-hfb-below-header-display":"","ast-hfb-mobile-header-display":"","site-post-title":"","ast-breadcrumbs-content":"","ast-featured-img":"","footer-sml-layout":"","theme-transparent-header-meta":"default","adv-header-id-meta":"","stick-header-meta":"","header-above-stick-meta":"","header-main-stick-meta":"","header-below-stick-meta":""},"product_cat":[16],"product_tag":[21,129,22,71,75,29,68],"class_list":["post-5007","product","type-product","status-publish","has-post-thumbnail","hentry","product_cat-originales","product_tag-acuarela","product_tag-hecho-a-mano","product_tag-ilustracion","product_tag-naturaleza","product_tag-original","product_tag-pajaro","product_tag-silvestre","product_shipping_class-laminas","desktop-align-left","tablet-align-left","mobile-align-left"],"yoast_head":"<!-- This site is optimized with the Yoast SEO plugin v20.1 - https:\/\/yoast.com\/wordpress\/plugins\/seo\/ -->\n<title>Acuarela original p\u00e1jaro entre hojas - AzaharGiner<\/title>\n<meta name=\"description\" content=\"Acuarela original pintada por Azahar Giner.\u00a0P\u00e1jaro pintado entre hojas y ramas de tonalidades oto\u00f1ales. A la venta sin marco, 24cm ancho por 30cm de largo\" \/>\n<meta name=\"robots\" content=\"index, follow, max-snippet:-1, max-image-preview:large, max-video-preview:-1\" \/>\n<link rel=\"canonical\" href=\"https:\/\/azaharginer.es\/index.php\/producto\/acuarela-original-pajaro-entre-hojas\/\" \/>\n<meta property=\"og:locale\" content=\"es_ES\" \/>\n<meta property=\"og:type\" content=\"article\" \/>\n<meta property=\"og:title\" content=\"Acuarela original p\u00e1jaro entre hojas - AzaharGiner\" \/>\n<meta property=\"og:description\" content=\"Acuarela original pintada por Azahar Giner.\u00a0P\u00e1jaro pintado entre hojas y ramas de tonalidades oto\u00f1ales. A la venta sin marco, 24cm ancho por 30cm de largo\" \/>\n<meta property=\"og:url\" content=\"https:\/\/azaharginer.es\/index.php\/producto\/acuarela-original-pajaro-entre-hojas\/\" \/>\n<meta property=\"og:site_name\" content=\"AzaharGiner\" \/>\n<meta property=\"article:modified_time\" content=\"2023-12-22T09:02:09+00:00\" \/>\n<meta property=\"og:image\" content=\"https:\/\/azaharginer.es\/wp-content\/uploads\/2023\/03\/originales-scaled.jpg\" \/>\n\t<meta property=\"og:image:width\" content=\"2560\" \/>\n\t<meta property=\"og:image:height\" content=\"2560\" \/>\n\t<meta property=\"og:image:type\" content=\"image\/jpeg\" \/>\n<meta name=\"twitter:card\" content=\"summary_large_image\" \/>\n<meta name=\"twitter:label1\" content=\"Tiempo de lectura\" \/>\n\t<meta name=\"twitter:data1\" content=\"1 minuto\" \/>\n<script type=\"application\/ld+json\" class=\"yoast-schema-graph\">{\"@context\":\"https:\/\/schema.org\",\"@graph\":[{\"@type\":\"WebPage\",\"@id\":\"https:\/\/azaharginer.es\/index.php\/producto\/acuarela-original-pajaro-entre-hojas\/\",\"url\":\"https:\/\/azaharginer.es\/index.php\/producto\/acuarela-original-pajaro-entre-hojas\/\",\"name\":\"Acuarela original p\u00e1jaro entre hojas - AzaharGiner\",\"isPartOf\":{\"@id\":\"https:\/\/azaharginer.es\/#website\"},\"datePublished\":\"2023-03-06T10:19:11+00:00\",\"dateModified\":\"2023-12-22T09:02:09+00:00\",\"description\":\"Acuarela original pintada por Azahar Giner.\u00a0P\u00e1jaro pintado entre hojas y ramas de tonalidades oto\u00f1ales. A la venta sin marco, 24cm ancho por 30cm de largo\",\"breadcrumb\":{\"@id\":\"https:\/\/azaharginer.es\/index.php\/producto\/acuarela-original-pajaro-entre-hojas\/#breadcrumb\"},\"inLanguage\":\"es\",\"potentialAction\":[{\"@type\":\"ReadAction\",\"target\":[\"https:\/\/azaharginer.es\/index.php\/producto\/acuarela-original-pajaro-entre-hojas\/\"]}]},{\"@type\":\"BreadcrumbList\",\"@id\":\"https:\/\/azaharginer.es\/index.php\/producto\/acuarela-original-pajaro-entre-hojas\/#breadcrumb\",\"itemListElement\":[{\"@type\":\"ListItem\",\"position\":1,\"name\":\"Portada\",\"item\":\"https:\/\/azaharginer.es\/\"},{\"@type\":\"ListItem\",\"position\":2,\"name\":\"Store\",\"item\":\"http:\/\/azaharginer.es\/index.php\/store\/\"},{\"@type\":\"ListItem\",\"position\":3,\"name\":\"Acuarela original p\u00e1jaro entre hojas\"}]},{\"@type\":\"WebSite\",\"@id\":\"https:\/\/azaharginer.es\/#website\",\"url\":\"https:\/\/azaharginer.es\/\",\"name\":\"AzaharGiner\",\"description\":\"Ilustradora freelance\",\"potentialAction\":[{\"@type\":\"SearchAction\",\"target\":{\"@type\":\"EntryPoint\",\"urlTemplate\":\"https:\/\/azaharginer.es\/?s={search_term_string}\"},\"query-input\":\"required name=search_term_string\"}],\"inLanguage\":\"es\"}]}<\/script>\n<!-- \/ Yoast SEO plugin. -->","yoast_head_json":{"title":"Acuarela original p\u00e1jaro entre hojas - AzaharGiner","description":"Acuarela original pintada por Azahar Giner.\u00a0P\u00e1jaro pintado entre hojas y ramas de tonalidades oto\u00f1ales. A la venta sin marco, 24cm ancho por 30cm de largo","robots":{"index":"index","follow":"follow","max-snippet":"max-snippet:-1","max-image-preview":"max-image-preview:large","max-video-preview":"max-video-preview:-1"},"canonical":"https:\/\/azaharginer.es\/index.php\/producto\/acuarela-original-pajaro-entre-hojas\/","og_locale":"es_ES","og_type":"article","og_title":"Acuarela original p\u00e1jaro entre hojas - AzaharGiner","og_description":"Acuarela original pintada por Azahar Giner.\u00a0P\u00e1jaro pintado entre hojas y ramas de tonalidades oto\u00f1ales. A la venta sin marco, 24cm ancho por 30cm de largo","og_url":"https:\/\/azaharginer.es\/index.php\/producto\/acuarela-original-pajaro-entre-hojas\/","og_site_name":"AzaharGiner","article_modified_time":"2023-12-22T09:02:09+00:00","og_image":[{"width":2560,"height":2560,"url":"https:\/\/azaharginer.es\/wp-content\/uploads\/2023\/03\/originales-scaled.jpg","type":"image\/jpeg"}],"twitter_card":"summary_large_image","twitter_misc":{"Tiempo de lectura":"1 minuto"},"schema":{"@context":"https:\/\/schema.org","@graph":[{"@type":"WebPage","@id":"https:\/\/azaharginer.es\/index.php\/producto\/acuarela-original-pajaro-entre-hojas\/","url":"https:\/\/azaharginer.es\/index.php\/producto\/acuarela-original-pajaro-entre-hojas\/","name":"Acuarela original p\u00e1jaro entre hojas - AzaharGiner","isPartOf":{"@id":"https:\/\/azaharginer.es\/#website"},"datePublished":"2023-03-06T10:19:11+00:00","dateModified":"2023-12-22T09:02:09+00:00","description":"Acuarela original pintada por Azahar Giner.\u00a0P\u00e1jaro pintado entre hojas y ramas de tonalidades oto\u00f1ales. A la venta sin marco, 24cm ancho por 30cm de largo","breadcrumb":{"@id":"https:\/\/azaharginer.es\/index.php\/producto\/acuarela-original-pajaro-entre-hojas\/#breadcrumb"},"inLanguage":"es","potentialAction":[{"@type":"ReadAction","target":["https:\/\/azaharginer.es\/index.php\/producto\/acuarela-original-pajaro-entre-hojas\/"]}]},{"@type":"BreadcrumbList","@id":"https:\/\/azaharginer.es\/index.php\/producto\/acuarela-original-pajaro-entre-hojas\/#breadcrumb","itemListElement":[{"@type":"ListItem","position":1,"name":"Portada","item":"https:\/\/azaharginer.es\/"},{"@type":"ListItem","position":2,"name":"Store","item":"http:\/\/azaharginer.es\/index.php\/store\/"},{"@type":"ListItem","position":3,"name":"Acuarela original p\u00e1jaro entre hojas"}]},{"@type":"WebSite","@id":"https:\/\/azaharginer.es\/#website","url":"https:\/\/azaharginer.es\/","name":"AzaharGiner","description":"Ilustradora freelance","potentialAction":[{"@type":"SearchAction","target":{"@type":"EntryPoint","urlTemplate":"https:\/\/azaharginer.es\/?s={search_term_string}"},"query-input":"required name=search_term_string"}],"inLanguage":"es"}]}},"_links":{"self":[{"href":"http:\/\/azaharginer.es\/index.php\/wp-json\/wp\/v2\/product\/5007","targetHints":{"allow":["GET"]}}],"collection":[{"href":"http:\/\/azaharginer.es\/index.php\/wp-json\/wp\/v2\/product"}],"about":[{"href":"http:\/\/azaharginer.es\/index.php\/wp-json\/wp\/v2\/types\/product"}],"replies":[{"embeddable":true,"href":"http:\/\/azaharginer.es\/index.php\/wp-json\/wp\/v2\/comments?post=5007"}],"version-history":[{"count":3,"href":"http:\/\/azaharginer.es\/index.php\/wp-json\/wp\/v2\/product\/5007\/revisions"}],"predecessor-version":[{"id":5016,"href":"http:\/\/azaharginer.es\/index.php\/wp-json\/wp\/v2\/product\/5007\/revisions\/5016"}],"wp:featuredmedia":[{"embeddable":true,"href":"http:\/\/azaharginer.es\/index.php\/wp-json\/wp\/v2\/media\/4997"}],"wp:attachment":[{"href":"http:\/\/azaharginer.es\/index.php\/wp-json\/wp\/v2\/media?parent=5007"}],"wp:term":[{"taxonomy":"product_cat","embeddable":true,"href":"http:\/\/azaharginer.es\/index.php\/wp-json\/wp\/v2\/product_cat?post=5007"},{"taxonomy":"product_tag","embeddable":true,"href":"http:\/\/azaharginer.es\/index.php\/wp-json\/wp\/v2\/product_tag?post=5007"}],"curies":[{"name":"wp","href":"https:\/\/api.w.org\/{rel}","templated":true}]}}