{"id":4964,"date":"2023-02-18T17:35:12","date_gmt":"2023-02-18T17:35:12","guid":{"rendered":"https:\/\/azaharginer.es\/?post_type=product&#038;p=4964"},"modified":"2023-02-18T17:35:13","modified_gmt":"2023-02-18T17:35:13","slug":"lamina-jilguero-en-cardo","status":"publish","type":"product","link":"http:\/\/azaharginer.es\/index.php\/producto\/lamina-jilguero-en-cardo\/","title":{"rendered":"L\u00e1mina jilguero en cardo"},"content":{"rendered":"<p class=\"p1\">L\u00e1mina de una de mis acuarelas de jilguero en cardo perfecta para regalar o enmarcar para tu hogar. Esta l\u00e1mina est\u00e1 hecha mediante impresi\u00f3n digital en un papel de alta calidad de 350gr mate Tiene un tama\u00f1o A4, (21 x 29,7 cm)<\/p>\n<p class=\"p1\">He firmado y cortado a mano cada una de mis reproducciones.<\/p>\n<p class=\"p1\">\u00a1Espero que la disfrutes!<\/p>\n","protected":false},"excerpt":{"rendered":"<p>L\u00e1mina de una de mis acuarelas de jilguero en cardo perfecta para regalar o enmarcar para tu hogar. Esta l\u00e1mina est\u00e1 hecha mediante impresi\u00f3n digital en un papel de alta calidad de 350gr mate Tiene un tama\u00f1o A4, (21 x 29,7 cm) He firmado y cortado a mano cada una de mis reproducciones. \u00a1Espero que &hellip;<\/p>\n<p class=\"read-more\"> <a class=\"\" href=\"http:\/\/azaharginer.es\/index.php\/producto\/lamina-jilguero-en-cardo\/\"> <span class=\"screen-reader-text\">L\u00e1mina jilguero en cardo<\/span> Leer m\u00e1s &raquo;<\/a><\/p>\n","protected":false},"featured_media":445,"comment_status":"open","ping_status":"closed","template":"","meta":{"site-sidebar-layout":"default","site-content-layout":"default","ast-global-header-display":"","ast-main-header-display":"","ast-hfb-above-header-display":"","ast-hfb-below-header-display":"","ast-hfb-mobile-header-display":"","site-post-title":"","ast-breadcrumbs-content":"","ast-featured-img":"","footer-sml-layout":"","theme-transparent-header-meta":"default","adv-header-id-meta":"","stick-header-meta":"","header-above-stick-meta":"","header-main-stick-meta":"","header-below-stick-meta":""},"product_cat":[25],"product_tag":[21,78,129,22,46,23,65,71,29,24,72],"class_list":["post-4964","product","type-product","status-publish","has-post-thumbnail","hentry","product_cat-laminas-a4","product_tag-acuarela","product_tag-handmade","product_tag-hecho-a-mano","product_tag-ilustracion","product_tag-jilguero","product_tag-lamina","product_tag-lamina-a4","product_tag-naturaleza","product_tag-pajaro","product_tag-print","product_tag-salvaje","product_shipping_class-laminas","desktop-align-left","tablet-align-left","mobile-align-left"],"yoast_head":"<!-- This site is optimized with the Yoast SEO plugin v20.1 - https:\/\/yoast.com\/wordpress\/plugins\/seo\/ -->\n<title>L\u00e1mina jilguero en cardo - AzaharGiner<\/title>\n<meta name=\"description\" content=\"Esta l\u00e1mina reproduce una de mis acuarelas de jilguero en cardo impresi\u00f3n digital en papel mate de 350gr. Tiene un tama\u00f1o A4 y es perfecta para enmarcar.\" \/>\n<meta name=\"robots\" content=\"index, follow, max-snippet:-1, max-image-preview:large, max-video-preview:-1\" \/>\n<link rel=\"canonical\" href=\"http:\/\/azaharginer.es\/index.php\/producto\/lamina-jilguero-en-cardo\/\" \/>\n<meta property=\"og:locale\" content=\"es_ES\" \/>\n<meta property=\"og:type\" content=\"article\" \/>\n<meta property=\"og:title\" content=\"L\u00e1mina jilguero en cardo - AzaharGiner\" \/>\n<meta property=\"og:description\" content=\"Esta l\u00e1mina reproduce una de mis acuarelas de jilguero en cardo impresi\u00f3n digital en papel mate de 350gr. Tiene un tama\u00f1o A4 y es perfecta para enmarcar.\" \/>\n<meta property=\"og:url\" content=\"http:\/\/azaharginer.es\/index.php\/producto\/lamina-jilguero-en-cardo\/\" \/>\n<meta property=\"og:site_name\" content=\"AzaharGiner\" \/>\n<meta property=\"article:modified_time\" content=\"2023-02-18T17:35:13+00:00\" \/>\n<meta property=\"og:image\" content=\"http:\/\/azaharginer.es\/wp-content\/uploads\/2023\/01\/jilguero-scaled.jpg\" \/>\n\t<meta property=\"og:image:width\" content=\"2560\" \/>\n\t<meta property=\"og:image:height\" content=\"2560\" \/>\n\t<meta property=\"og:image:type\" content=\"image\/jpeg\" \/>\n<meta name=\"twitter:card\" content=\"summary_large_image\" \/>\n<meta name=\"twitter:label1\" content=\"Tiempo de lectura\" \/>\n\t<meta name=\"twitter:data1\" content=\"1 minuto\" \/>\n<script type=\"application\/ld+json\" class=\"yoast-schema-graph\">{\"@context\":\"https:\/\/schema.org\",\"@graph\":[{\"@type\":\"WebPage\",\"@id\":\"http:\/\/azaharginer.es\/index.php\/producto\/lamina-jilguero-en-cardo\/\",\"url\":\"http:\/\/azaharginer.es\/index.php\/producto\/lamina-jilguero-en-cardo\/\",\"name\":\"L\u00e1mina jilguero en cardo - AzaharGiner\",\"isPartOf\":{\"@id\":\"https:\/\/azaharginer.es\/#website\"},\"datePublished\":\"2023-02-18T17:35:12+00:00\",\"dateModified\":\"2023-02-18T17:35:13+00:00\",\"description\":\"Esta l\u00e1mina reproduce una de mis acuarelas de jilguero en cardo impresi\u00f3n digital en papel mate de 350gr. Tiene un tama\u00f1o A4 y es perfecta para enmarcar.\",\"breadcrumb\":{\"@id\":\"http:\/\/azaharginer.es\/index.php\/producto\/lamina-jilguero-en-cardo\/#breadcrumb\"},\"inLanguage\":\"es\",\"potentialAction\":[{\"@type\":\"ReadAction\",\"target\":[\"http:\/\/azaharginer.es\/index.php\/producto\/lamina-jilguero-en-cardo\/\"]}]},{\"@type\":\"BreadcrumbList\",\"@id\":\"http:\/\/azaharginer.es\/index.php\/producto\/lamina-jilguero-en-cardo\/#breadcrumb\",\"itemListElement\":[{\"@type\":\"ListItem\",\"position\":1,\"name\":\"Portada\",\"item\":\"http:\/\/azaharginer.es\/\"},{\"@type\":\"ListItem\",\"position\":2,\"name\":\"Store\",\"item\":\"https:\/\/azaharginer.es\/index.php\/store\/\"},{\"@type\":\"ListItem\",\"position\":3,\"name\":\"L\u00e1mina jilguero en cardo\"}]},{\"@type\":\"WebSite\",\"@id\":\"https:\/\/azaharginer.es\/#website\",\"url\":\"https:\/\/azaharginer.es\/\",\"name\":\"AzaharGiner\",\"description\":\"Ilustradora freelance\",\"potentialAction\":[{\"@type\":\"SearchAction\",\"target\":{\"@type\":\"EntryPoint\",\"urlTemplate\":\"https:\/\/azaharginer.es\/?s={search_term_string}\"},\"query-input\":\"required name=search_term_string\"}],\"inLanguage\":\"es\"}]}<\/script>\n<!-- \/ Yoast SEO plugin. -->","yoast_head_json":{"title":"L\u00e1mina jilguero en cardo - AzaharGiner","description":"Esta l\u00e1mina reproduce una de mis acuarelas de jilguero en cardo impresi\u00f3n digital en papel mate de 350gr. Tiene un tama\u00f1o A4 y es perfecta para enmarcar.","robots":{"index":"index","follow":"follow","max-snippet":"max-snippet:-1","max-image-preview":"max-image-preview:large","max-video-preview":"max-video-preview:-1"},"canonical":"http:\/\/azaharginer.es\/index.php\/producto\/lamina-jilguero-en-cardo\/","og_locale":"es_ES","og_type":"article","og_title":"L\u00e1mina jilguero en cardo - AzaharGiner","og_description":"Esta l\u00e1mina reproduce una de mis acuarelas de jilguero en cardo impresi\u00f3n digital en papel mate de 350gr. Tiene un tama\u00f1o A4 y es perfecta para enmarcar.","og_url":"http:\/\/azaharginer.es\/index.php\/producto\/lamina-jilguero-en-cardo\/","og_site_name":"AzaharGiner","article_modified_time":"2023-02-18T17:35:13+00:00","og_image":[{"width":2560,"height":2560,"url":"http:\/\/azaharginer.es\/wp-content\/uploads\/2023\/01\/jilguero-scaled.jpg","type":"image\/jpeg"}],"twitter_card":"summary_large_image","twitter_misc":{"Tiempo de lectura":"1 minuto"},"schema":{"@context":"https:\/\/schema.org","@graph":[{"@type":"WebPage","@id":"http:\/\/azaharginer.es\/index.php\/producto\/lamina-jilguero-en-cardo\/","url":"http:\/\/azaharginer.es\/index.php\/producto\/lamina-jilguero-en-cardo\/","name":"L\u00e1mina jilguero en cardo - AzaharGiner","isPartOf":{"@id":"https:\/\/azaharginer.es\/#website"},"datePublished":"2023-02-18T17:35:12+00:00","dateModified":"2023-02-18T17:35:13+00:00","description":"Esta l\u00e1mina reproduce una de mis acuarelas de jilguero en cardo impresi\u00f3n digital en papel mate de 350gr. Tiene un tama\u00f1o A4 y es perfecta para enmarcar.","breadcrumb":{"@id":"http:\/\/azaharginer.es\/index.php\/producto\/lamina-jilguero-en-cardo\/#breadcrumb"},"inLanguage":"es","potentialAction":[{"@type":"ReadAction","target":["http:\/\/azaharginer.es\/index.php\/producto\/lamina-jilguero-en-cardo\/"]}]},{"@type":"BreadcrumbList","@id":"http:\/\/azaharginer.es\/index.php\/producto\/lamina-jilguero-en-cardo\/#breadcrumb","itemListElement":[{"@type":"ListItem","position":1,"name":"Portada","item":"http:\/\/azaharginer.es\/"},{"@type":"ListItem","position":2,"name":"Store","item":"https:\/\/azaharginer.es\/index.php\/store\/"},{"@type":"ListItem","position":3,"name":"L\u00e1mina jilguero en cardo"}]},{"@type":"WebSite","@id":"https:\/\/azaharginer.es\/#website","url":"https:\/\/azaharginer.es\/","name":"AzaharGiner","description":"Ilustradora freelance","potentialAction":[{"@type":"SearchAction","target":{"@type":"EntryPoint","urlTemplate":"https:\/\/azaharginer.es\/?s={search_term_string}"},"query-input":"required name=search_term_string"}],"inLanguage":"es"}]}},"_links":{"self":[{"href":"http:\/\/azaharginer.es\/index.php\/wp-json\/wp\/v2\/product\/4964","targetHints":{"allow":["GET"]}}],"collection":[{"href":"http:\/\/azaharginer.es\/index.php\/wp-json\/wp\/v2\/product"}],"about":[{"href":"http:\/\/azaharginer.es\/index.php\/wp-json\/wp\/v2\/types\/product"}],"replies":[{"embeddable":true,"href":"http:\/\/azaharginer.es\/index.php\/wp-json\/wp\/v2\/comments?post=4964"}],"version-history":[{"count":1,"href":"http:\/\/azaharginer.es\/index.php\/wp-json\/wp\/v2\/product\/4964\/revisions"}],"predecessor-version":[{"id":4965,"href":"http:\/\/azaharginer.es\/index.php\/wp-json\/wp\/v2\/product\/4964\/revisions\/4965"}],"wp:featuredmedia":[{"embeddable":true,"href":"http:\/\/azaharginer.es\/index.php\/wp-json\/wp\/v2\/media\/445"}],"wp:attachment":[{"href":"http:\/\/azaharginer.es\/index.php\/wp-json\/wp\/v2\/media?parent=4964"}],"wp:term":[{"taxonomy":"product_cat","embeddable":true,"href":"http:\/\/azaharginer.es\/index.php\/wp-json\/wp\/v2\/product_cat?post=4964"},{"taxonomy":"product_tag","embeddable":true,"href":"http:\/\/azaharginer.es\/index.php\/wp-json\/wp\/v2\/product_tag?post=4964"}],"curies":[{"name":"wp","href":"https:\/\/api.w.org\/{rel}","templated":true}]}}