{"id":4954,"date":"2023-02-18T12:28:16","date_gmt":"2023-02-18T12:28:16","guid":{"rendered":"https:\/\/azaharginer.es\/?post_type=product&#038;p=4954"},"modified":"2023-02-18T12:29:11","modified_gmt":"2023-02-18T12:29:11","slug":"lamina-pez-tropical-magenta","status":"publish","type":"product","link":"http:\/\/azaharginer.es\/index.php\/producto\/lamina-pez-tropical-magenta\/","title":{"rendered":"L\u00e1mina pez tropical magenta"},"content":{"rendered":"<p class=\"p1\">Esta l\u00e1mina reproduce una de mis acuarelas de pez tropical magenta, impresi\u00f3n digital en papel mate de 350gr. Tiene un tama\u00f1o A5 y es perfecta para enmarcar.<\/p>\n<p class=\"p1\">Tama\u00f1o: 1<b>4,8 x 21 cm<\/b><\/p>\n<p class=\"p1\">He firmado y cortado a mano cada una de mis reproducciones.<\/p>\n<p class=\"p1\">\u00a1Espero que la disfrutes!<\/p>\n","protected":false},"excerpt":{"rendered":"<p>Esta l\u00e1mina reproduce una de mis acuarelas de pez tropical magenta, impresi\u00f3n digital en papel mate de 350gr. Tiene un tama\u00f1o A5 y es perfecta para enmarcar. Tama\u00f1o: 14,8 x 21 cm He firmado y cortado a mano cada una de mis reproducciones. \u00a1Espero que la disfrutes!<\/p>\n","protected":false},"featured_media":456,"comment_status":"closed","ping_status":"closed","template":"","meta":{"site-sidebar-layout":"default","site-content-layout":"default","ast-global-header-display":"","ast-main-header-display":"","ast-hfb-above-header-display":"","ast-hfb-below-header-display":"","ast-hfb-mobile-header-display":"","site-post-title":"","ast-breadcrumbs-content":"","ast-featured-img":"","footer-sml-layout":"","theme-transparent-header-meta":"default","adv-header-id-meta":"","stick-header-meta":"","header-above-stick-meta":"","header-main-stick-meta":"","header-below-stick-meta":""},"product_cat":[39],"product_tag":[21,78,129,22,23,131,42,24,72,82],"class_list":["post-4954","product","type-product","status-publish","has-post-thumbnail","hentry","product_cat-a5","product_tag-acuarela","product_tag-handmade","product_tag-hecho-a-mano","product_tag-ilustracion","product_tag-lamina","product_tag-pez","product_tag-postal","product_tag-print","product_tag-salvaje","product_tag-sea","product_shipping_class-postal","desktop-align-left","tablet-align-left","mobile-align-left"],"yoast_head":"<!-- This site is optimized with the Yoast SEO plugin v20.1 - https:\/\/yoast.com\/wordpress\/plugins\/seo\/ -->\n<title>L\u00e1mina pez tropical magenta - AzaharGiner<\/title>\n<meta name=\"description\" content=\"Reproducci\u00f3n de alta calidad dise\u00f1o de pez tropical magenta por Azahar Giner, t\u00e9cnica original en acuarela.Tama\u00f1o A5 horizontal.\" \/>\n<meta name=\"robots\" content=\"index, follow, max-snippet:-1, max-image-preview:large, max-video-preview:-1\" \/>\n<link rel=\"canonical\" href=\"http:\/\/azaharginer.es\/index.php\/producto\/lamina-pez-tropical-magenta\/\" \/>\n<meta property=\"og:locale\" content=\"es_ES\" \/>\n<meta property=\"og:type\" content=\"article\" \/>\n<meta property=\"og:title\" content=\"L\u00e1mina pez tropical magenta - AzaharGiner\" \/>\n<meta property=\"og:description\" content=\"Reproducci\u00f3n de alta calidad dise\u00f1o de pez tropical magenta por Azahar Giner, t\u00e9cnica original en acuarela.Tama\u00f1o A5 horizontal.\" \/>\n<meta property=\"og:url\" content=\"http:\/\/azaharginer.es\/index.php\/producto\/lamina-pez-tropical-magenta\/\" \/>\n<meta property=\"og:site_name\" content=\"AzaharGiner\" \/>\n<meta property=\"article:modified_time\" content=\"2023-02-18T12:29:11+00:00\" \/>\n<meta property=\"og:image\" content=\"http:\/\/azaharginer.es\/wp-content\/uploads\/2023\/01\/pezmagenta-scaled.jpg\" \/>\n\t<meta property=\"og:image:width\" content=\"2560\" \/>\n\t<meta property=\"og:image:height\" content=\"2560\" \/>\n\t<meta property=\"og:image:type\" content=\"image\/jpeg\" \/>\n<meta name=\"twitter:card\" content=\"summary_large_image\" \/>\n<meta name=\"twitter:label1\" content=\"Tiempo de lectura\" \/>\n\t<meta name=\"twitter:data1\" content=\"1 minuto\" \/>\n<script type=\"application\/ld+json\" class=\"yoast-schema-graph\">{\"@context\":\"https:\/\/schema.org\",\"@graph\":[{\"@type\":\"WebPage\",\"@id\":\"http:\/\/azaharginer.es\/index.php\/producto\/lamina-pez-tropical-magenta\/\",\"url\":\"http:\/\/azaharginer.es\/index.php\/producto\/lamina-pez-tropical-magenta\/\",\"name\":\"L\u00e1mina pez tropical magenta - AzaharGiner\",\"isPartOf\":{\"@id\":\"http:\/\/azaharginer.es\/#website\"},\"datePublished\":\"2023-02-18T12:28:16+00:00\",\"dateModified\":\"2023-02-18T12:29:11+00:00\",\"description\":\"Reproducci\u00f3n de alta calidad dise\u00f1o de pez tropical magenta por Azahar Giner, t\u00e9cnica original en acuarela.Tama\u00f1o A5 horizontal.\",\"breadcrumb\":{\"@id\":\"http:\/\/azaharginer.es\/index.php\/producto\/lamina-pez-tropical-magenta\/#breadcrumb\"},\"inLanguage\":\"es\",\"potentialAction\":[{\"@type\":\"ReadAction\",\"target\":[\"http:\/\/azaharginer.es\/index.php\/producto\/lamina-pez-tropical-magenta\/\"]}]},{\"@type\":\"BreadcrumbList\",\"@id\":\"http:\/\/azaharginer.es\/index.php\/producto\/lamina-pez-tropical-magenta\/#breadcrumb\",\"itemListElement\":[{\"@type\":\"ListItem\",\"position\":1,\"name\":\"Portada\",\"item\":\"http:\/\/azaharginer.es\/\"},{\"@type\":\"ListItem\",\"position\":2,\"name\":\"Store\",\"item\":\"http:\/\/azaharginer.es\/index.php\/store\/\"},{\"@type\":\"ListItem\",\"position\":3,\"name\":\"L\u00e1mina pez tropical magenta\"}]},{\"@type\":\"WebSite\",\"@id\":\"http:\/\/azaharginer.es\/#website\",\"url\":\"http:\/\/azaharginer.es\/\",\"name\":\"AzaharGiner\",\"description\":\"Ilustradora freelance\",\"potentialAction\":[{\"@type\":\"SearchAction\",\"target\":{\"@type\":\"EntryPoint\",\"urlTemplate\":\"http:\/\/azaharginer.es\/?s={search_term_string}\"},\"query-input\":\"required name=search_term_string\"}],\"inLanguage\":\"es\"}]}<\/script>\n<!-- \/ Yoast SEO plugin. -->","yoast_head_json":{"title":"L\u00e1mina pez tropical magenta - AzaharGiner","description":"Reproducci\u00f3n de alta calidad dise\u00f1o de pez tropical magenta por Azahar Giner, t\u00e9cnica original en acuarela.Tama\u00f1o A5 horizontal.","robots":{"index":"index","follow":"follow","max-snippet":"max-snippet:-1","max-image-preview":"max-image-preview:large","max-video-preview":"max-video-preview:-1"},"canonical":"http:\/\/azaharginer.es\/index.php\/producto\/lamina-pez-tropical-magenta\/","og_locale":"es_ES","og_type":"article","og_title":"L\u00e1mina pez tropical magenta - AzaharGiner","og_description":"Reproducci\u00f3n de alta calidad dise\u00f1o de pez tropical magenta por Azahar Giner, t\u00e9cnica original en acuarela.Tama\u00f1o A5 horizontal.","og_url":"http:\/\/azaharginer.es\/index.php\/producto\/lamina-pez-tropical-magenta\/","og_site_name":"AzaharGiner","article_modified_time":"2023-02-18T12:29:11+00:00","og_image":[{"width":2560,"height":2560,"url":"http:\/\/azaharginer.es\/wp-content\/uploads\/2023\/01\/pezmagenta-scaled.jpg","type":"image\/jpeg"}],"twitter_card":"summary_large_image","twitter_misc":{"Tiempo de lectura":"1 minuto"},"schema":{"@context":"https:\/\/schema.org","@graph":[{"@type":"WebPage","@id":"http:\/\/azaharginer.es\/index.php\/producto\/lamina-pez-tropical-magenta\/","url":"http:\/\/azaharginer.es\/index.php\/producto\/lamina-pez-tropical-magenta\/","name":"L\u00e1mina pez tropical magenta - AzaharGiner","isPartOf":{"@id":"http:\/\/azaharginer.es\/#website"},"datePublished":"2023-02-18T12:28:16+00:00","dateModified":"2023-02-18T12:29:11+00:00","description":"Reproducci\u00f3n de alta calidad dise\u00f1o de pez tropical magenta por Azahar Giner, t\u00e9cnica original en acuarela.Tama\u00f1o A5 horizontal.","breadcrumb":{"@id":"http:\/\/azaharginer.es\/index.php\/producto\/lamina-pez-tropical-magenta\/#breadcrumb"},"inLanguage":"es","potentialAction":[{"@type":"ReadAction","target":["http:\/\/azaharginer.es\/index.php\/producto\/lamina-pez-tropical-magenta\/"]}]},{"@type":"BreadcrumbList","@id":"http:\/\/azaharginer.es\/index.php\/producto\/lamina-pez-tropical-magenta\/#breadcrumb","itemListElement":[{"@type":"ListItem","position":1,"name":"Portada","item":"http:\/\/azaharginer.es\/"},{"@type":"ListItem","position":2,"name":"Store","item":"http:\/\/azaharginer.es\/index.php\/store\/"},{"@type":"ListItem","position":3,"name":"L\u00e1mina pez tropical magenta"}]},{"@type":"WebSite","@id":"http:\/\/azaharginer.es\/#website","url":"http:\/\/azaharginer.es\/","name":"AzaharGiner","description":"Ilustradora freelance","potentialAction":[{"@type":"SearchAction","target":{"@type":"EntryPoint","urlTemplate":"http:\/\/azaharginer.es\/?s={search_term_string}"},"query-input":"required name=search_term_string"}],"inLanguage":"es"}]}},"_links":{"self":[{"href":"http:\/\/azaharginer.es\/index.php\/wp-json\/wp\/v2\/product\/4954","targetHints":{"allow":["GET"]}}],"collection":[{"href":"http:\/\/azaharginer.es\/index.php\/wp-json\/wp\/v2\/product"}],"about":[{"href":"http:\/\/azaharginer.es\/index.php\/wp-json\/wp\/v2\/types\/product"}],"replies":[{"embeddable":true,"href":"http:\/\/azaharginer.es\/index.php\/wp-json\/wp\/v2\/comments?post=4954"}],"version-history":[{"count":1,"href":"http:\/\/azaharginer.es\/index.php\/wp-json\/wp\/v2\/product\/4954\/revisions"}],"predecessor-version":[{"id":4955,"href":"http:\/\/azaharginer.es\/index.php\/wp-json\/wp\/v2\/product\/4954\/revisions\/4955"}],"wp:featuredmedia":[{"embeddable":true,"href":"http:\/\/azaharginer.es\/index.php\/wp-json\/wp\/v2\/media\/456"}],"wp:attachment":[{"href":"http:\/\/azaharginer.es\/index.php\/wp-json\/wp\/v2\/media?parent=4954"}],"wp:term":[{"taxonomy":"product_cat","embeddable":true,"href":"http:\/\/azaharginer.es\/index.php\/wp-json\/wp\/v2\/product_cat?post=4954"},{"taxonomy":"product_tag","embeddable":true,"href":"http:\/\/azaharginer.es\/index.php\/wp-json\/wp\/v2\/product_tag?post=4954"}],"curies":[{"name":"wp","href":"https:\/\/api.w.org\/{rel}","templated":true}]}}