{"id":147,"date":"2022-12-03T20:33:18","date_gmt":"2022-12-03T20:33:18","guid":{"rendered":"http:\/\/azaharginer.es\/?post_type=product&#038;p=147"},"modified":"2023-01-11T09:57:55","modified_gmt":"2023-01-11T09:57:55","slug":"cactus-maceta-redondo","status":"publish","type":"product","link":"http:\/\/azaharginer.es\/index.php\/producto\/cactus-maceta-redondo\/","title":{"rendered":"L\u00e1mina cactus maceta"},"content":{"rendered":"<p class=\"p1\">He firmado y cortado a mano cada una de mis reproducciones.<\/p>\n<p class=\"p1\">\u00a1Espero que la disfrutes!<\/p>\n","protected":false},"excerpt":{"rendered":"<p class=\"p1\">Esta l\u00e1mina reproduce una de mis acuarelas de cactus, impresi\u00f3n digital en papel mate de 300gr. Tiene un tama\u00f1o A4 y es perfecta para enmarcar.<\/p>\n<p class=\"p1\">Tama\u00f1o: 21 x 29,7 cm<\/p>\n","protected":false},"featured_media":40,"comment_status":"closed","ping_status":"closed","template":"","meta":{"site-sidebar-layout":"default","site-content-layout":"default","ast-global-header-display":"","ast-main-header-display":"","ast-hfb-above-header-display":"","ast-hfb-below-header-display":"","ast-hfb-mobile-header-display":"","site-post-title":"","ast-breadcrumbs-content":"","ast-featured-img":"","footer-sml-layout":"","theme-transparent-header-meta":"default","adv-header-id-meta":"","stick-header-meta":"","header-above-stick-meta":"","header-main-stick-meta":"","header-below-stick-meta":""},"product_cat":[25],"product_tag":[21,31,22,23,32,24],"class_list":["post-147","product","type-product","status-publish","has-post-thumbnail","hentry","product_cat-laminas-a4","product_tag-acuarela","product_tag-cactus","product_tag-ilustracion","product_tag-lamina","product_tag-planta","product_tag-print","product_shipping_class-laminas","desktop-align-left","tablet-align-left","mobile-align-left"],"yoast_head":"<!-- This site is optimized with the Yoast SEO plugin v20.1 - https:\/\/yoast.com\/wordpress\/plugins\/seo\/ -->\n<title>L\u00e1mina cactus maceta - AzaharGiner<\/title>\n<meta name=\"robots\" content=\"index, follow, max-snippet:-1, max-image-preview:large, max-video-preview:-1\" \/>\n<link rel=\"canonical\" href=\"http:\/\/azaharginer.es\/index.php\/producto\/cactus-maceta-redondo\/\" \/>\n<meta property=\"og:locale\" content=\"es_ES\" \/>\n<meta property=\"og:type\" content=\"article\" \/>\n<meta property=\"og:title\" content=\"L\u00e1mina cactus maceta - AzaharGiner\" \/>\n<meta property=\"og:description\" content=\"Esta l\u00e1mina reproduce una de mis acuarelas de cactus, impresi\u00f3n digital en papel mate de 300gr. Tiene un tama\u00f1o A4 y es perfecta para enmarcar. Tama\u00f1o: 21 x 29,7 cm\" \/>\n<meta property=\"og:url\" content=\"http:\/\/azaharginer.es\/index.php\/producto\/cactus-maceta-redondo\/\" \/>\n<meta property=\"og:site_name\" content=\"AzaharGiner\" \/>\n<meta property=\"article:modified_time\" content=\"2023-01-11T09:57:55+00:00\" \/>\n<meta property=\"og:image\" content=\"http:\/\/azaharginer.es\/wp-content\/uploads\/2022\/11\/cactus1-scaled.jpg\" \/>\n\t<meta property=\"og:image:width\" content=\"2560\" \/>\n\t<meta property=\"og:image:height\" content=\"2560\" \/>\n\t<meta property=\"og:image:type\" content=\"image\/jpeg\" \/>\n<meta name=\"twitter:card\" content=\"summary_large_image\" \/>\n<script type=\"application\/ld+json\" class=\"yoast-schema-graph\">{\"@context\":\"https:\/\/schema.org\",\"@graph\":[{\"@type\":\"WebPage\",\"@id\":\"http:\/\/azaharginer.es\/index.php\/producto\/cactus-maceta-redondo\/\",\"url\":\"http:\/\/azaharginer.es\/index.php\/producto\/cactus-maceta-redondo\/\",\"name\":\"L\u00e1mina cactus maceta - AzaharGiner\",\"isPartOf\":{\"@id\":\"http:\/\/azaharginer.es\/#website\"},\"datePublished\":\"2022-12-03T20:33:18+00:00\",\"dateModified\":\"2023-01-11T09:57:55+00:00\",\"breadcrumb\":{\"@id\":\"http:\/\/azaharginer.es\/index.php\/producto\/cactus-maceta-redondo\/#breadcrumb\"},\"inLanguage\":\"es\",\"potentialAction\":[{\"@type\":\"ReadAction\",\"target\":[\"http:\/\/azaharginer.es\/index.php\/producto\/cactus-maceta-redondo\/\"]}]},{\"@type\":\"BreadcrumbList\",\"@id\":\"http:\/\/azaharginer.es\/index.php\/producto\/cactus-maceta-redondo\/#breadcrumb\",\"itemListElement\":[{\"@type\":\"ListItem\",\"position\":1,\"name\":\"Portada\",\"item\":\"http:\/\/azaharginer.es\/\"},{\"@type\":\"ListItem\",\"position\":2,\"name\":\"Store\",\"item\":\"http:\/\/azaharginer.es\/index.php\/store\/\"},{\"@type\":\"ListItem\",\"position\":3,\"name\":\"L\u00e1mina cactus maceta\"}]},{\"@type\":\"WebSite\",\"@id\":\"http:\/\/azaharginer.es\/#website\",\"url\":\"http:\/\/azaharginer.es\/\",\"name\":\"AzaharGiner\",\"description\":\"Ilustradora freelance\",\"potentialAction\":[{\"@type\":\"SearchAction\",\"target\":{\"@type\":\"EntryPoint\",\"urlTemplate\":\"http:\/\/azaharginer.es\/?s={search_term_string}\"},\"query-input\":\"required name=search_term_string\"}],\"inLanguage\":\"es\"}]}<\/script>\n<!-- \/ Yoast SEO plugin. -->","yoast_head_json":{"title":"L\u00e1mina cactus maceta - AzaharGiner","robots":{"index":"index","follow":"follow","max-snippet":"max-snippet:-1","max-image-preview":"max-image-preview:large","max-video-preview":"max-video-preview:-1"},"canonical":"http:\/\/azaharginer.es\/index.php\/producto\/cactus-maceta-redondo\/","og_locale":"es_ES","og_type":"article","og_title":"L\u00e1mina cactus maceta - AzaharGiner","og_description":"Esta l\u00e1mina reproduce una de mis acuarelas de cactus, impresi\u00f3n digital en papel mate de 300gr. Tiene un tama\u00f1o A4 y es perfecta para enmarcar. Tama\u00f1o: 21 x 29,7 cm","og_url":"http:\/\/azaharginer.es\/index.php\/producto\/cactus-maceta-redondo\/","og_site_name":"AzaharGiner","article_modified_time":"2023-01-11T09:57:55+00:00","og_image":[{"width":2560,"height":2560,"url":"http:\/\/azaharginer.es\/wp-content\/uploads\/2022\/11\/cactus1-scaled.jpg","type":"image\/jpeg"}],"twitter_card":"summary_large_image","schema":{"@context":"https:\/\/schema.org","@graph":[{"@type":"WebPage","@id":"http:\/\/azaharginer.es\/index.php\/producto\/cactus-maceta-redondo\/","url":"http:\/\/azaharginer.es\/index.php\/producto\/cactus-maceta-redondo\/","name":"L\u00e1mina cactus maceta - AzaharGiner","isPartOf":{"@id":"http:\/\/azaharginer.es\/#website"},"datePublished":"2022-12-03T20:33:18+00:00","dateModified":"2023-01-11T09:57:55+00:00","breadcrumb":{"@id":"http:\/\/azaharginer.es\/index.php\/producto\/cactus-maceta-redondo\/#breadcrumb"},"inLanguage":"es","potentialAction":[{"@type":"ReadAction","target":["http:\/\/azaharginer.es\/index.php\/producto\/cactus-maceta-redondo\/"]}]},{"@type":"BreadcrumbList","@id":"http:\/\/azaharginer.es\/index.php\/producto\/cactus-maceta-redondo\/#breadcrumb","itemListElement":[{"@type":"ListItem","position":1,"name":"Portada","item":"http:\/\/azaharginer.es\/"},{"@type":"ListItem","position":2,"name":"Store","item":"http:\/\/azaharginer.es\/index.php\/store\/"},{"@type":"ListItem","position":3,"name":"L\u00e1mina cactus maceta"}]},{"@type":"WebSite","@id":"http:\/\/azaharginer.es\/#website","url":"http:\/\/azaharginer.es\/","name":"AzaharGiner","description":"Ilustradora freelance","potentialAction":[{"@type":"SearchAction","target":{"@type":"EntryPoint","urlTemplate":"http:\/\/azaharginer.es\/?s={search_term_string}"},"query-input":"required name=search_term_string"}],"inLanguage":"es"}]}},"_links":{"self":[{"href":"http:\/\/azaharginer.es\/index.php\/wp-json\/wp\/v2\/product\/147","targetHints":{"allow":["GET"]}}],"collection":[{"href":"http:\/\/azaharginer.es\/index.php\/wp-json\/wp\/v2\/product"}],"about":[{"href":"http:\/\/azaharginer.es\/index.php\/wp-json\/wp\/v2\/types\/product"}],"replies":[{"embeddable":true,"href":"http:\/\/azaharginer.es\/index.php\/wp-json\/wp\/v2\/comments?post=147"}],"version-history":[{"count":1,"href":"http:\/\/azaharginer.es\/index.php\/wp-json\/wp\/v2\/product\/147\/revisions"}],"predecessor-version":[{"id":281,"href":"http:\/\/azaharginer.es\/index.php\/wp-json\/wp\/v2\/product\/147\/revisions\/281"}],"wp:featuredmedia":[{"embeddable":true,"href":"http:\/\/azaharginer.es\/index.php\/wp-json\/wp\/v2\/media\/40"}],"wp:attachment":[{"href":"http:\/\/azaharginer.es\/index.php\/wp-json\/wp\/v2\/media?parent=147"}],"wp:term":[{"taxonomy":"product_cat","embeddable":true,"href":"http:\/\/azaharginer.es\/index.php\/wp-json\/wp\/v2\/product_cat?post=147"},{"taxonomy":"product_tag","embeddable":true,"href":"http:\/\/azaharginer.es\/index.php\/wp-json\/wp\/v2\/product_tag?post=147"}],"curies":[{"name":"wp","href":"https:\/\/api.w.org\/{rel}","templated":true}]}}