{"id":424,"date":"2023-01-20T14:09:39","date_gmt":"2023-01-20T14:09:39","guid":{"rendered":"https:\/\/azaharginer.es\/?page_id=424"},"modified":"2023-02-18T10:08:35","modified_gmt":"2023-02-18T10:08:35","slug":"aviso-legal","status":"publish","type":"page","link":"http:\/\/azaharginer.es\/index.php\/aviso-legal\/","title":{"rendered":"Aviso legal y pol\u00edtica de privacidad"},"content":{"rendered":"\n<h3 class=\"wp-block-heading\"><strong>AVISO LEGAL<\/strong><\/h3>\n\n\n\n<p>Este servicio web pertenece a Azahar L\u00f3pez de los Monteros Giner con CIF n\u00famero: 76426435-B y domicilio a efectos de notificaciones en C\/Palma del r\u00edo n\u00famero 8, 3\u00baD. CP 29004, M\u00e1laga. Puede contactar con nosotros a trav\u00e9s del Tel\u00e9fono&nbsp;<a href=\"http:\/\/40.252.164.181\/\">+34 687645877<\/a>&nbsp;o a trav\u00e9s de nuestro correo electr\u00f3nico&nbsp;<a href=\"mailto:defiestaencasa@gmail.com\">azaharginer@gmail.com<\/a>. Azahar L\u00f3pez de los Monteros Giner, ofrece esta web para facilitar el acceso p\u00fablico a la informaci\u00f3n de que dispone as\u00ed como para la venta al por menor de su obra en acuarela. Azahar L\u00f3pez de los Monteros Giner procura que la informaci\u00f3n disponible en esta web sea exacta y precisa, y procede a su actualizaci\u00f3n con la m\u00e1xima celeridad posible, tratando de evitar errores y, corrigi\u00e9ndolos tan pronto como los detecta. No obstante, Azahar L\u00f3pez de los Monteros Giner no puede garantizar la inexistencia de errores, ni que el contenido de la informaci\u00f3n se encuentre permanentemente actualizado. Del mismo modo, Azahar L\u00f3pez de los Monteros Giner no es responsable de la exactitud y actualizaci\u00f3n de la informaci\u00f3n proveniente de otras personas f\u00edsicas o jur\u00eddicas que conste en la p\u00e1gina web a la cual se remita.<\/p>\n\n\n\n<p><strong>CONDICIONES GENERALES DEL CONTRATO.-<\/strong>&nbsp;Son las que regir\u00e1n entre el titular de la tienda y los usuarios que se registren en la misma o efect\u00faen compras a trav\u00e9s de la web. El acceso al portal o a cualesquiera de los productos contenidos en el mismo comporta la aceptaci\u00f3n de las condiciones generales previstas en las presentes condiciones, debiendo leer atentamente su contenido si usted desea acceder y comprar en azaharginer.com<\/p>\n\n\n\n<p><strong>LUGAR DE CELEBRACI\u00d3N DEL CONTRATO.-&nbsp;<\/strong>Se entender\u00e1 que el lugar de celebraci\u00f3n del contrato es el de residencia del usuario y el idioma de contrataci\u00f3n el espa\u00f1ol.<\/p>\n\n\n\n<p><strong>PRECIOS DE LOS PRODUCTOS.-<\/strong>&nbsp;Todos los precios de nuestra tienda incluyen el I.V.A. (Impuesto sobre el Valor A\u00f1adido) y se expresan en Euros.<\/p>\n\n\n\n<p><strong>PLAZOS DE ENV\u00cdO.-<\/strong>&nbsp;Para env\u00edos a la pen\u00ednsula, el plazo normal de entrega es de 48 a 72 horas -en d\u00edas h\u00e1biles -desde la recogida del paquete por la empresa de mensajer\u00eda, una vez haya sido confirmado el pago del pedido si \u00e9ste se efect\u00faa mediante Pay Pal, Tarjeta de Cr\u00e9dito o Transferencia. Si se opta por transferencia, recomendamos enviar copia de la misma para acelerar los tr\u00e1mites de procesamiento del pedido.<\/p>\n\n\n\n<p><strong>M\u00c9TODOS DE PAGO.-<\/strong>&nbsp;La compra podr\u00e1 pagarse mediante transferencia bancaria, PayPal&nbsp;y tarjeta bancaria.<\/p>\n\n\n\n<p><strong>RESERVA DE PRODUCTOS .-<\/strong>&nbsp;Transcurridas 48 horas sin efectuarse la formalizaci\u00f3n del pago, en el caso de transferencia bancaria, el pedido se anular\u00e1 inmediatamente quedando sin efecto la orden de compra y reserva de productos.<\/p>\n\n\n\n<p><strong>EMPRESA DE TRANSPORTE Y COSTE DEL ENV\u00cdO.-&nbsp;<\/strong>Todos nuestros env\u00edos a la pen\u00ednsula se realizan mediante mensajer\u00eda Correos.<\/p>\n\n\n\n<p><strong>ENV\u00cdOS FUERA DE LA PEN\u00cdNSULA Y GASTOS DE ADUANAS.-<\/strong>&nbsp;Para env\u00edos a Baleares, Canarias, Ceuta y Melilla, as\u00ed como a Portugal peninsular, el cliente deber\u00e1 contactar previamente con nosotros, al objeto de ofrecerle un presupuesto personalizado de los gastos de env\u00edo, pudiendo optar por los servicios de&nbsp;<strong>CORREOS Y TEL\u00c9GRAFOS<\/strong>&nbsp;o de cualquiera de las empresas de mensajer\u00eda con la que esta tienda trabaja habitualmente. En el caso de que dichas localidades cuenten con control de Aduanas, los costes que se generen por ese concepto ser\u00e1n pagados \u00edntegramente por el usuario o comprador.<\/p>\n\n\n\n<p><strong>DEVOLUCI\u00d3N MERCANC\u00cdA.-<\/strong>&nbsp;El plazo de devoluci\u00f3n de la mercanc\u00eda es de 14&nbsp; d\u00edas naturales desde la recepci\u00f3n de la misma, en id\u00e9nticas condiciones de estado y embalaje. Una vez tenga entrada en nuestro almac\u00e9n, se proceder\u00e1 a la devoluci\u00f3n del importe pagado, excepto el coste del env\u00edo y devoluci\u00f3n, que correr\u00e1n por cuenta del comprador.<\/p>\n\n\n\n<p><strong>FALTA DE STOCK.-<\/strong>&nbsp;Si, al tiempo de preparar el pedido, se comprobara la falta de existencia de alguna unidad ya comprada, al cliente se le ofrecer\u00e1 la posibilidad de cambio por otro producto de igual valor o se proceder\u00e1 a la devoluci\u00f3n del dinero, a elecci\u00f3n del mismo.<\/p>\n\n\n\n<p><strong>LEGISLACI\u00d3N APLICABLE A ESTAS CONDICIONES<\/strong>.&nbsp;Los contratos electr\u00f3nicos se regir\u00e1n por lo dispuesto en la Ley 34\/2002, de 11 de julio, de servicios de la sociedad de la informaci\u00f3n y de comercio electr\u00f3nico, por los C\u00f3digos Civil y de Comercio y por las restantes normas civiles o mercantiles sobre contratos, en especial, las normas de protecci\u00f3n de los consumidores y usuarios y de ordenaci\u00f3n de la actividad comercial. Cualquier controversia o conflicto que pudiera surgir en la aplicaci\u00f3n o interpretaci\u00f3n de estas condiciones generales estar\u00e1 sometida a la legislaci\u00f3n espa\u00f1ola vigente y, en concreto, a la La Ley de Enjuiciamiento Civil, siendo competentes para su resoluci\u00f3n, los Juzgados de Almer\u00eda, renunciando expresamente el USUARIO a cualquier otro fuero que pudiera corresponderle.<\/p>\n\n\n\n<h3 class=\"wp-block-heading\"><strong>POL\u00cdTICA DE PRIVACIDAD Y PROTECCI\u00d3N DE DATOS<\/strong><\/h3>\n\n\n\n<p>La pol\u00edtica de privacidad de Azahar L\u00f3pez de los Monteros Giner est\u00e1 presidida por el cumplimiento de la legalidad vigente en materia de protecci\u00f3n de datos de car\u00e1cter personal. De acuerdo con lo establecido en la Ley Org\u00e1nica 15\/1999 y en el Reglamento UE 2016\/679 del Parlamento Europeo y del Consejo, de 27 de Abril de 2016, relativo a la protecci\u00f3n de las personas f\u00edsicas en lo que respecta al tratamiento de datos personales y a la libre circulaci\u00f3n de estos datos y por la que se deroga la Directiva 95\/46\/CE (Reglamento General de Protecci\u00f3n de Datos), informamos a los usuarios que env\u00eden sus datos a trav\u00e9s de los formularios existentes en esta p\u00e1gina web, de nuestro correo electr\u00f3nico o mediante cualquier otro medio, que sus datos personales se incorporar\u00e1n a los ficheros propiedad de Azahar L\u00f3pez de los Monteros Giner que tienen como finalidad la gesti\u00f3n de clientes, proveedores y colaboradores, y la gesti\u00f3n comercial. Si ha facilitado su direcci\u00f3n electr\u00f3nica o su n\u00famero de tel\u00e9fono le informamos que Azahar L\u00f3pez de los Monteros Giner utilizar\u00e1 estos medios para la comunicaci\u00f3n relativa a productos y servicios, as\u00ed como a informaci\u00f3n de Azahar L\u00f3pez de los Monteros Giner que pueda ser de su inter\u00e9s, por lo que, al facilitar dichos datos, est\u00e1 dando su consentimiento al uso de los mismos por Azahar L\u00f3pez de los Monteros Giner para los fines citados, los cuales se almacenar\u00e1n durante el tiempo que dure el servicio. Azahar L\u00f3pez de los Monteros Giner, como responsable de sus ficheros, ha adoptado las medidas de \u00edndole t\u00e9cnica y organizativas necesarias para garantizar la seguridad de los datos de car\u00e1cter personal y evitar su alteraci\u00f3n, p\u00e9rdida, tratamiento o acceso no autorizado, habida cuenta del estado de la tecnolog\u00eda, la naturaleza de los datos almacenados y los riesgos a que est\u00e1n expuestos, ya provengan de la acci\u00f3n humana o del medio f\u00edsico o natural. Azahar L\u00f3pez de los Monteros Giner garantiza la confidencialidad de los datos de car\u00e1cter personal facilitados bajo el control y las medidas de seguridad anteriormente citadas. Este servicio web es de acceso libre. Dentro de la web se puede acceder a informaci\u00f3n de car\u00e1cter p\u00fablico de Azahar L\u00f3pez de los Monteros Giner, desde la que tambi\u00e9n se pueden enviar consultas a Azahar L\u00f3pez de los Monteros Giner. Los datos que sean enviados a Azahar L\u00f3pez de los Monteros Giner ser\u00e1n utilizados para contestar a su petici\u00f3n y para enviar datos de car\u00e1cter informativo. Los mensajes enviados a Azahar L\u00f3pez de los Monteros Giner se responder\u00e1n a la mayor brevedad posible, pero no se puede garantizar que todos los mensajes sean respondidos, especialmente si ha enviado de forma err\u00f3nea alguno de sus datos. As\u00ed mismo, Azahar L\u00f3pez de los Monteros Giner le informa de que sus datos personales pueden ser tratados en pa\u00edses fuera del territorio europeo declarados con un nivel adecuado de protecci\u00f3n seg\u00fan la Agencia Espa\u00f1ola de Protecci\u00f3n de Datos. Se pueden ejercitar los derechos de acceso, rectificaci\u00f3n, cancelaci\u00f3n, oposici\u00f3n, olvido y portabilidad, en los t\u00e9rminos establecidos en la legislaci\u00f3n vigente, mediante escrito, mediante escrito, en el que se adjuntar\u00e1 documento identificativo, dirigido a: \u201cAzahar L\u00f3pez de los Monteros Giner, Calle Palma del r\u00edo n\u00famero 8, 3\u00baD, CP 29004 M\u00e1laga o mediante correo electr\u00f3nico firmado digitalmente dirigido a&nbsp;azaharginer@gmail.com. Para cualquier duda y\/o aclaraci\u00f3n pueden enviar un correo electr\u00f3nico a&nbsp;azaharginer@gmail.com<\/p>\n\n\n\n<p><strong>Informaci\u00f3n sobre el uso de cookies&nbsp;<\/strong>Las cookies son peque\u00f1os archivos que instalan en el equipo del usuario a petici\u00f3n de la p\u00e1gina web y se utilizan para que el servicio web al que est\u00e1 accediendo realice determinadas funciones. Este servicio web utiliza cookies propias y de terceros para el mantenimiento de la sesi\u00f3n del usuario que accede al servicio (cookies t\u00e9cnicas), para personalizar las opciones que el usuario haya elegido (cookies de personalizaci\u00f3n), para realizar un an\u00e1lisis estad\u00edstico del uso de este servicio web (cookies de an\u00e1lisis) y de redes sociales (cookies de redes sociales). A continuaci\u00f3n, vamos a proceder a explicar el uso y la finalidad de los cookies que se utilizan y las posibles consecuencias que puede tener si se deshabilitan las mismas: Cookies t\u00e9cnicas: Se utilizan para el mantenimiento de la sesi\u00f3n del usuario que accede a este servicio web y tienen especial utilidad en el mantenimiento de la sesi\u00f3n en las zonas de acceso restringido a las que se accede mediante usuario y contrase\u00f1a. Por tanto, para que el servicio web funcione correctamente en las zonas de acceso restringido, es necesario tener habilitado en el navegador que se puedan instalar cookies. Por este motivo, si tiene deshabilitado que el navegador pueda instalar cookies, estos servicios no funcionar\u00e1n correctamente. Una vez que el usuario finalice su sesi\u00f3n, la cookie de sesi\u00f3n dejar\u00e1 de tener utilidad. Cookies de an\u00e1lisis: Se utilizan para medir y analizar la navegaci\u00f3n de los usuarios en este servicio web y de esta forma poder estudiar y mejorar la oferta de productos o servicios que se ofrecen. A trav\u00e9s de la cookie anal\u00edtica no se obtiene informaci\u00f3n personal del usuario, la informaci\u00f3n que se obtiene es la relativa al n\u00famero de usuarios que acceden a la web, el n\u00famero de p\u00e1ginas visitadas, la frecuencia y repetici\u00f3n de las visitas, su duraci\u00f3n, el navegador que se utiliza, el operador que presta el servicio, el idioma de navegaci\u00f3n el terminal que se utiliza y\/o la ciudad a la que est\u00e1 asignada la direcci\u00f3n IP del equipo terminal. Para realizar el servicio anal\u00edtico, esta p\u00e1gina web utiliza Google Analytics, un servicio de anal\u00edtica web desarrollada por Google, que presta un servicio de medici\u00f3n y an\u00e1lisis de la navegaci\u00f3n en nuestra p\u00e1gina web. Los citados datos se almacenar\u00e1n durante un tiempo m\u00e1ximo de 26 meses. M\u00e1s informaci\u00f3n sobre Google Analytics en:&nbsp;<a rel=\"noreferrer noopener\" href=\"https:\/\/www.google.com\/analytics\/learn\/privacy.html?hl=es\" target=\"_blank\">https:\/\/www.google.com\/analytics\/learn\/privacy.html?hl=es<\/a>. En el caso de que inhabilite este tipo de cookies, la p\u00e1gina no realizar\u00e1 an\u00e1lisis estad\u00edstico pero funcionar\u00e1 igualmente. Cookies de personalizaci\u00f3n: Se utilizan para que el navegador pueda recordar sus preferencias (como por ejemplo el idioma de navegaci\u00f3n elegido, opciones preferidas, etc\u2026). Esta cookie se almacena en su equipo y no le identifica como usuario del servicio web, por tanto si accede desde otro equipo terminal, al no tener instalada esta cookie, no conocer\u00e1 sus preferencias. Si tiene deshabilitada la instalaci\u00f3n de cookies, no se guardar\u00e1n en su equipo terminal sus preferencias en el servicio web, y por tanto cada vez que acceda al servicio deber\u00e1 elegirlas nuevamente. Le informamos que en ninguna de las cookies utilizadas, se almacena informaci\u00f3n que permita identificar al usuario, tal como nombres, apellidos, direcci\u00f3n de correo electr\u00f3nico o postal, etc, ni se utilizan las mismas para obtener o acceder a informaci\u00f3n del usuario. Si ya acept\u00f3 las cookies, puede revocar su decisi\u00f3n haciendo click en \u00abRecharzar las cookies\u00bb en el aviso que se despliega al pulsar el siguiente bot\u00f3n:&nbsp;<a href=\"https:\/\/defiestaencasa.es\/aviso-legal\/#\">Revocar cookies<\/a>&nbsp;Adem\u00e1s, los usuarios que no quieran que se instalen cookies en su ordenador o que deseen ser informados cu\u00e1ndo una cookie se va a instalar en su equipo, podr\u00e1n configurar su navegador para que funcione de esa forma. Tambi\u00e9n se informa que los usuarios podr\u00e1n borrar todas la cookies generadas en su equipo en cualquier momento. Azahar L\u00f3pez de los Monteros Giner no se responsabiliza del mal uso que se realice de los contenidos de su p\u00e1gina Web, siendo exclusiva responsabilidad de la persona que accede a ellos o los utilice. Azahar L\u00f3pez de los Monteros Giner no asume responsabilidad alguna por la informaci\u00f3n contenida en p\u00e1ginas Web de terceros a las que se pueda acceder por enlaces (links) o buscadores de las p\u00e1ginas Web Azahar L\u00f3pez de los Monteros Giner. La presencia de enlaces (links) en nuestra p\u00e1gina Web tendr\u00e1 finalidad meramente informativa y en ning\u00fan caso supone sugerencia, invitaci\u00f3n o recomendaci\u00f3n sobre los mismos.<\/p>\n\n\n\n<p><strong>PROPIEDAD INTELECTUAL<\/strong>&nbsp;Los derechos de propiedad intelectual del dise\u00f1o de la p\u00e1gina Web y los logotipos y signos distintivos que se utilizan son titularidad de Azahar L\u00f3pez de los Monteros Giner y, por tanto, queda prohibida su reproducci\u00f3n, distribuci\u00f3n, comunicaci\u00f3n p\u00fablica y\/o transformaci\u00f3n, salvo para uso personal y privado. Igualmente, todos los nombres, marcas o signos distintivos que son propiedad de Azahar L\u00f3pez de los Monteros Giner est\u00e1n protegidos por la Ley.<\/p>\n\n\n\n<p><strong>LEGISLACI\u00d3N Y JURISDICCI\u00d3N APLICABLES<\/strong>&nbsp;Con car\u00e1cter general, las relaciones entre Azahar L\u00f3pez de los Monteros Giner y los usuarios de esta p\u00e1gina web se encuentran sometidas a la legislaci\u00f3n y jurisdicci\u00f3n espa\u00f1olas, aceptando el usuario someter en primera instancia cualquier conflicto ante los tribunales de justicia de la provincia de M\u00e1laga.<\/p>\n\n\n\n<p><strong>INFORMACI\u00d3N SOBRE ASPECTOS T\u00c9CNICOS Y DE SEGURIDAD&nbsp;<\/strong>Esta p\u00e1gina Web est\u00e1 hospedada en los servidores del prestador de servicios de Internet contratado por Azahar L\u00f3pez de los Monteros Giner para la prestaci\u00f3n de este servicio que tiene su residencia en la U.E. (en adelante el prestador de servicios). Cuando el usuario utiliza los servicios de Internet de Azahar L\u00f3pez de los Monteros Giner, la direcci\u00f3n IP, la fecha y hora y otros datos como el tipo de navegador podr\u00e1n ser almacenados en los servidores del prestador de servicios. Esta informaci\u00f3n ser\u00e1 tratada por Azahar L\u00f3pez de los Monteros Giner. El prestador de servicios, como responsable del hospedaje del servicio web de Azahar L\u00f3pez de los Monteros Giner, est\u00e1 obligado a la adopci\u00f3n de las medidas de \u00edndole t\u00e9cnica y organizativas de tal forma que garanticen la seguridad de los datos, la informaci\u00f3n, los sistemas y los servidores que se utilizan para la prestaci\u00f3n de este servicio, siempre teniendo en cuenta el estado de la tecnolog\u00eda, la naturaleza de los datos almacenados y los riesgos a que est\u00e1n expuestos, ya provengan de la acci\u00f3n humana o del medio f\u00edsico o natural. Azahar L\u00f3pez de los Monteros Giner no ser\u00e1 responsable de posibles da\u00f1os o perjuicios que se pudieran derivar de interferencias, omisiones, interrupciones, virus inform\u00e1ticos, aver\u00edas telef\u00f3nicas, modificaci\u00f3n malintencionada o desconexiones en el funcionamiento operativo de este sistema electr\u00f3nico, motivadas por causas ajenas a Azahar L\u00f3pez de los Monteros Giner as\u00ed como retrasos o bloqueos en el uso del presente sistema electr\u00f3nico causados por deficiencias o sobrecargas de l\u00edneas de datos o sobrecargas en el Centro de Procesos de Datos del prestador de servicios, en el sistema de Internet o en otros sistemas electr\u00f3nicos, adem\u00e1s de da\u00f1os que puedan ser causados por terceras personas mediante intromisiones ileg\u00edtimas fuera del control de Azahar L\u00f3pez de los Monteros Giner. Se exonera a Azahar L\u00f3pez de los Monteros Giner de responsabilidad ante cualquier da\u00f1o o perjuicio que pudiera sufrir el usuario como consecuencia de errores, defectos u omisiones en la informaci\u00f3n facilitada por Azahar L\u00f3pez de los Monteros Giner siempre que proceda de fuentes ajenas a Azahar L\u00f3pez de los Monteros Giner.<\/p>\n","protected":false},"excerpt":{"rendered":"<p>AVISO LEGAL Este servicio web pertenece a Azahar L\u00f3pez de los Monteros Giner con CIF n\u00famero: 76426435-B y domicilio a efectos de notificaciones en C\/Palma del r\u00edo n\u00famero 8, 3\u00baD. CP 29004, M\u00e1laga. Puede contactar con nosotros a trav\u00e9s del Tel\u00e9fono&nbsp;+34 687645877&nbsp;o a trav\u00e9s de nuestro correo electr\u00f3nico&nbsp;azaharginer@gmail.com. Azahar L\u00f3pez de los Monteros Giner, ofrece &hellip;<\/p>\n<p class=\"read-more\"> <a class=\"\" href=\"http:\/\/azaharginer.es\/index.php\/aviso-legal\/\"> <span class=\"screen-reader-text\">Aviso legal y pol\u00edtica de privacidad<\/span> Leer m\u00e1s &raquo;<\/a><\/p>\n","protected":false},"author":1,"featured_media":0,"parent":0,"menu_order":0,"comment_status":"closed","ping_status":"closed","template":"","meta":{"site-sidebar-layout":"default","site-content-layout":"default","ast-global-header-display":"","ast-main-header-display":"","ast-hfb-above-header-display":"","ast-hfb-below-header-display":"","ast-hfb-mobile-header-display":"","site-post-title":"","ast-breadcrumbs-content":"","ast-featured-img":"","footer-sml-layout":"","theme-transparent-header-meta":"","adv-header-id-meta":"","stick-header-meta":"","header-above-stick-meta":"","header-main-stick-meta":"","header-below-stick-meta":"","footnotes":""},"class_list":["post-424","page","type-page","status-publish","hentry"],"yoast_head":"<!-- This site is optimized with the Yoast SEO plugin v20.1 - https:\/\/yoast.com\/wordpress\/plugins\/seo\/ -->\n<title>Aviso legal y pol\u00edtica de privacidad - AzaharGiner<\/title>\n<meta name=\"description\" content=\"Aviso legal y pol\u00edtica de privacidad de la p\u00e1gina y tienda online de la ilustradora freelance Azahar Giner\" \/>\n<meta name=\"robots\" content=\"index, follow, max-snippet:-1, max-image-preview:large, max-video-preview:-1\" \/>\n<link rel=\"canonical\" href=\"http:\/\/azaharginer.es\/index.php\/aviso-legal\/\" \/>\n<meta property=\"og:locale\" content=\"es_ES\" \/>\n<meta property=\"og:type\" content=\"article\" \/>\n<meta property=\"og:title\" content=\"Aviso legal y pol\u00edtica de privacidad - AzaharGiner\" \/>\n<meta property=\"og:description\" content=\"Aviso legal y pol\u00edtica de privacidad de la p\u00e1gina y tienda online de la ilustradora freelance Azahar Giner\" \/>\n<meta property=\"og:url\" content=\"http:\/\/azaharginer.es\/index.php\/aviso-legal\/\" \/>\n<meta property=\"og:site_name\" content=\"AzaharGiner\" \/>\n<meta property=\"article:modified_time\" content=\"2023-02-18T10:08:35+00:00\" \/>\n<meta name=\"twitter:card\" content=\"summary_large_image\" \/>\n<meta name=\"twitter:label1\" content=\"Tiempo de lectura\" \/>\n\t<meta name=\"twitter:data1\" content=\"12 minutos\" \/>\n<script type=\"application\/ld+json\" class=\"yoast-schema-graph\">{\"@context\":\"https:\/\/schema.org\",\"@graph\":[{\"@type\":\"WebPage\",\"@id\":\"http:\/\/azaharginer.es\/index.php\/aviso-legal\/\",\"url\":\"http:\/\/azaharginer.es\/index.php\/aviso-legal\/\",\"name\":\"Aviso legal y pol\u00edtica de privacidad - AzaharGiner\",\"isPartOf\":{\"@id\":\"http:\/\/azaharginer.es\/#website\"},\"datePublished\":\"2023-01-20T14:09:39+00:00\",\"dateModified\":\"2023-02-18T10:08:35+00:00\",\"description\":\"Aviso legal y pol\u00edtica de privacidad de la p\u00e1gina y tienda online de la ilustradora freelance Azahar Giner\",\"breadcrumb\":{\"@id\":\"http:\/\/azaharginer.es\/index.php\/aviso-legal\/#breadcrumb\"},\"inLanguage\":\"es\",\"potentialAction\":[{\"@type\":\"ReadAction\",\"target\":[\"http:\/\/azaharginer.es\/index.php\/aviso-legal\/\"]}]},{\"@type\":\"BreadcrumbList\",\"@id\":\"http:\/\/azaharginer.es\/index.php\/aviso-legal\/#breadcrumb\",\"itemListElement\":[{\"@type\":\"ListItem\",\"position\":1,\"name\":\"Portada\",\"item\":\"http:\/\/azaharginer.es\/\"},{\"@type\":\"ListItem\",\"position\":2,\"name\":\"Aviso legal y pol\u00edtica de privacidad\"}]},{\"@type\":\"WebSite\",\"@id\":\"http:\/\/azaharginer.es\/#website\",\"url\":\"http:\/\/azaharginer.es\/\",\"name\":\"AzaharGiner\",\"description\":\"Ilustradora freelance\",\"potentialAction\":[{\"@type\":\"SearchAction\",\"target\":{\"@type\":\"EntryPoint\",\"urlTemplate\":\"http:\/\/azaharginer.es\/?s={search_term_string}\"},\"query-input\":\"required name=search_term_string\"}],\"inLanguage\":\"es\"}]}<\/script>\n<!-- \/ Yoast SEO plugin. -->","yoast_head_json":{"title":"Aviso legal y pol\u00edtica de privacidad - AzaharGiner","description":"Aviso legal y pol\u00edtica de privacidad de la p\u00e1gina y tienda online de la ilustradora freelance Azahar Giner","robots":{"index":"index","follow":"follow","max-snippet":"max-snippet:-1","max-image-preview":"max-image-preview:large","max-video-preview":"max-video-preview:-1"},"canonical":"http:\/\/azaharginer.es\/index.php\/aviso-legal\/","og_locale":"es_ES","og_type":"article","og_title":"Aviso legal y pol\u00edtica de privacidad - AzaharGiner","og_description":"Aviso legal y pol\u00edtica de privacidad de la p\u00e1gina y tienda online de la ilustradora freelance Azahar Giner","og_url":"http:\/\/azaharginer.es\/index.php\/aviso-legal\/","og_site_name":"AzaharGiner","article_modified_time":"2023-02-18T10:08:35+00:00","twitter_card":"summary_large_image","twitter_misc":{"Tiempo de lectura":"12 minutos"},"schema":{"@context":"https:\/\/schema.org","@graph":[{"@type":"WebPage","@id":"http:\/\/azaharginer.es\/index.php\/aviso-legal\/","url":"http:\/\/azaharginer.es\/index.php\/aviso-legal\/","name":"Aviso legal y pol\u00edtica de privacidad - AzaharGiner","isPartOf":{"@id":"http:\/\/azaharginer.es\/#website"},"datePublished":"2023-01-20T14:09:39+00:00","dateModified":"2023-02-18T10:08:35+00:00","description":"Aviso legal y pol\u00edtica de privacidad de la p\u00e1gina y tienda online de la ilustradora freelance Azahar Giner","breadcrumb":{"@id":"http:\/\/azaharginer.es\/index.php\/aviso-legal\/#breadcrumb"},"inLanguage":"es","potentialAction":[{"@type":"ReadAction","target":["http:\/\/azaharginer.es\/index.php\/aviso-legal\/"]}]},{"@type":"BreadcrumbList","@id":"http:\/\/azaharginer.es\/index.php\/aviso-legal\/#breadcrumb","itemListElement":[{"@type":"ListItem","position":1,"name":"Portada","item":"http:\/\/azaharginer.es\/"},{"@type":"ListItem","position":2,"name":"Aviso legal y pol\u00edtica de privacidad"}]},{"@type":"WebSite","@id":"http:\/\/azaharginer.es\/#website","url":"http:\/\/azaharginer.es\/","name":"AzaharGiner","description":"Ilustradora freelance","potentialAction":[{"@type":"SearchAction","target":{"@type":"EntryPoint","urlTemplate":"http:\/\/azaharginer.es\/?s={search_term_string}"},"query-input":"required name=search_term_string"}],"inLanguage":"es"}]}},"_links":{"self":[{"href":"http:\/\/azaharginer.es\/index.php\/wp-json\/wp\/v2\/pages\/424","targetHints":{"allow":["GET"]}}],"collection":[{"href":"http:\/\/azaharginer.es\/index.php\/wp-json\/wp\/v2\/pages"}],"about":[{"href":"http:\/\/azaharginer.es\/index.php\/wp-json\/wp\/v2\/types\/page"}],"author":[{"embeddable":true,"href":"http:\/\/azaharginer.es\/index.php\/wp-json\/wp\/v2\/users\/1"}],"replies":[{"embeddable":true,"href":"http:\/\/azaharginer.es\/index.php\/wp-json\/wp\/v2\/comments?post=424"}],"version-history":[{"count":2,"href":"http:\/\/azaharginer.es\/index.php\/wp-json\/wp\/v2\/pages\/424\/revisions"}],"predecessor-version":[{"id":426,"href":"http:\/\/azaharginer.es\/index.php\/wp-json\/wp\/v2\/pages\/424\/revisions\/426"}],"wp:attachment":[{"href":"http:\/\/azaharginer.es\/index.php\/wp-json\/wp\/v2\/media?parent=424"}],"curies":[{"name":"wp","href":"https:\/\/api.w.org\/{rel}","templated":true}]}}